{"id":15418,"date":"2024-11-29T18:31:05","date_gmt":"2024-11-29T17:31:05","guid":{"rendered":"https:\/\/stampcurio.com\/product\/xxx-fiume-5-negyestomb-egy-forditott-allasu-belyeg-tetebeche-pecsetelt-also-papirranc\/"},"modified":"2025-12-05T04:06:48","modified_gmt":"2025-12-05T03:06:48","slug":"1919-fiume-5-20-c-pecsetelt-negyestomb-tete-beche-felulnyomassal-a-harmadik-belyegen-papirranc-attest-martinas-martinas-700-eur","status":"publish","type":"product","link":"https:\/\/stampcurio.com\/hu\/termek\/1919-fiume-5-20-c-pecsetelt-negyestomb-tete-beche-felulnyomassal-a-harmadik-belyegen-papirranc-attest-martinas-martinas-700-eur\/","title":{"rendered":"1919 Fiume &#8211; 5 \/ 20 c pecs\u00e9telt n\u00e9gyest\u00f6mb t\u00eate-b\u00eache fel\u00fclnyom\u00e1ssal + a harmadik b\u00e9lyegen pap\u00edrr\u00e1nc | Attest: Martinas \/ Martinas: 700++ EUR"},"content":{"rendered":"","protected":false},"excerpt":{"rendered":"<p>A Martinas katal\u00f3gus a tete-beche fel\u00fclnyom\u00e1s\u00fa p\u00e1rt \u00e9rt\u00e9keli 700 EUR-a, a n\u00e9gyest\u00f6mb fel\u00e1rat \u00e9rdemel.<\/p>\n","protected":false},"featured_media":18676,"template":"","meta":[],"product_brand":[],"product_cat":[1275,1192,1172],"product_tag":[1664,116,1334,217],"class_list":{"0":"post-15418","1":"product","2":"type-product","3":"status-publish","4":"has-post-thumbnail","6":"product_cat-fiume","7":"product_cat-horvatorszag","8":"product_cat-magyarorszag","9":"product_tag-2nd-auction-hu","10":"product_tag-belyeg","11":"product_tag-tete-beche","12":"product_tag-tevnyomat","14":"first","15":"instock","16":"sold-individually","17":"shipping-taxable","18":"product-type-simple"},"_links":{"self":[{"href":"https:\/\/stampcurio.com\/hu\/wp-json\/wp\/v2\/product\/15418","targetHints":{"allow":["GET"]}}],"collection":[{"href":"https:\/\/stampcurio.com\/hu\/wp-json\/wp\/v2\/product"}],"about":[{"href":"https:\/\/stampcurio.com\/hu\/wp-json\/wp\/v2\/types\/product"}],"wp:featuredmedia":[{"embeddable":true,"href":"https:\/\/stampcurio.com\/hu\/wp-json\/wp\/v2\/media\/18676"}],"wp:attachment":[{"href":"https:\/\/stampcurio.com\/hu\/wp-json\/wp\/v2\/media?parent=15418"}],"wp:term":[{"taxonomy":"product_brand","embeddable":true,"href":"https:\/\/stampcurio.com\/hu\/wp-json\/wp\/v2\/product_brand?post=15418"},{"taxonomy":"product_cat","embeddable":true,"href":"https:\/\/stampcurio.com\/hu\/wp-json\/wp\/v2\/product_cat?post=15418"},{"taxonomy":"product_tag","embeddable":true,"href":"https:\/\/stampcurio.com\/hu\/wp-json\/wp\/v2\/product_tag?post=15418"}],"curies":[{"name":"wp","href":"https:\/\/api.w.org\/{rel}","templated":true}]}}