{"id":15417,"date":"2024-11-29T18:31:05","date_gmt":"2024-11-29T17:31:05","guid":{"rendered":"https:\/\/stampcurio.com\/product\/xxx-fiume-55-valami-felulnyomas-tetebeche-par-postatiszta-falcos\/"},"modified":"2025-12-05T04:06:47","modified_gmt":"2025-12-05T03:06:47","slug":"1919-fiume-55-c-1-c-postatiszta-par-tete-beche-allasu-felulnyomattal-martinas-600-eur-attest-martinas","status":"publish","type":"product","link":"https:\/\/stampcurio.com\/hu\/termek\/1919-fiume-55-c-1-c-postatiszta-par-tete-beche-allasu-felulnyomattal-martinas-600-eur-attest-martinas\/","title":{"rendered":"1919 Fiume &#8211; 55 c \/ 1 c postatiszta * p\u00e1r, t\u00eate-b\u00eache \u00e1ll\u00e1s\u00fa fel\u00fclnyomattal \/ Martinas: 600 EUR \/ Attest: Martinas"},"content":{"rendered":"<p>tesztre kik\u00fcldve<\/p>\n","protected":false},"excerpt":{"rendered":"<p>tesztre kik\u00fcldve<\/p>\n","protected":false},"featured_media":18809,"template":"","meta":[],"product_brand":[],"product_cat":[1275,1192,1172],"product_tag":[1664,116,1334,217],"class_list":{"0":"post-15417","1":"product","2":"type-product","3":"status-publish","4":"has-post-thumbnail","6":"product_cat-fiume","7":"product_cat-horvatorszag","8":"product_cat-magyarorszag","9":"product_tag-2nd-auction-hu","10":"product_tag-belyeg","11":"product_tag-tete-beche","12":"product_tag-tevnyomat","14":"first","15":"instock","16":"sold-individually","17":"shipping-taxable","18":"product-type-simple"},"_links":{"self":[{"href":"https:\/\/stampcurio.com\/hu\/wp-json\/wp\/v2\/product\/15417","targetHints":{"allow":["GET"]}}],"collection":[{"href":"https:\/\/stampcurio.com\/hu\/wp-json\/wp\/v2\/product"}],"about":[{"href":"https:\/\/stampcurio.com\/hu\/wp-json\/wp\/v2\/types\/product"}],"wp:featuredmedia":[{"embeddable":true,"href":"https:\/\/stampcurio.com\/hu\/wp-json\/wp\/v2\/media\/18809"}],"wp:attachment":[{"href":"https:\/\/stampcurio.com\/hu\/wp-json\/wp\/v2\/media?parent=15417"}],"wp:term":[{"taxonomy":"product_brand","embeddable":true,"href":"https:\/\/stampcurio.com\/hu\/wp-json\/wp\/v2\/product_brand?post=15417"},{"taxonomy":"product_cat","embeddable":true,"href":"https:\/\/stampcurio.com\/hu\/wp-json\/wp\/v2\/product_cat?post=15417"},{"taxonomy":"product_tag","embeddable":true,"href":"https:\/\/stampcurio.com\/hu\/wp-json\/wp\/v2\/product_tag?post=15417"}],"curies":[{"name":"wp","href":"https:\/\/api.w.org\/{rel}","templated":true}]}}