{"id":15416,"date":"2024-11-29T18:31:05","date_gmt":"2024-11-29T17:31:05","guid":{"rendered":"https:\/\/stampcurio.com\/product\/xxx-6f-debrecen-enyvezes-nelkul-az-alap-belyeg-negyszeres-nyomataval-felulnyomat-2x-az-egyik-az-ivszelen\/"},"modified":"2025-12-05T04:06:47","modified_gmt":"2025-12-05T03:06:47","slug":"1920-debrecen-ii-6f-enyvezes-nelkul-az-alap-belyeg-negyszeres-nyomataval-ket-felulnyomattal-az-egyik-az-ivszelen-feltehetoleg-nyomasproba-rendkivul-latvanyos-darab-pruf-bodor","status":"publish","type":"product","link":"https:\/\/stampcurio.com\/hu\/termek\/1920-debrecen-ii-6f-enyvezes-nelkul-az-alap-belyeg-negyszeres-nyomataval-ket-felulnyomattal-az-egyik-az-ivszelen-feltehetoleg-nyomasproba-rendkivul-latvanyos-darab-pruf-bodor\/","title":{"rendered":"1920 Debrecen II. &#8211; 6f enyvez\u00e9s n\u00e9lk\u00fcl, az alap b\u00e9lyeg n\u00e9gyszeres (!) nyomat\u00e1val +  k\u00e9t fel\u00fclnyomattal, az egyik az \u00edvsz\u00e9len. Feltehet\u0151leg nyom\u00e1spr\u00f3ba, rendk\u00edv\u00fcl l\u00e1tv\u00e1nyos darab! \/  Pr\u00fcf: Bodor"},"content":{"rendered":"","protected":false},"excerpt":{"rendered":"","protected":false},"featured_media":18781,"template":"","meta":[],"product_brand":[],"product_cat":[1172,1208],"product_tag":[1664,116,390,217],"class_list":{"0":"post-15416","1":"product","2":"type-product","3":"status-publish","4":"has-post-thumbnail","6":"product_cat-magyarorszag","7":"product_cat-romania","8":"product_tag-2nd-auction-hu","9":"product_tag-belyeg","10":"product_tag-probanyomat","11":"product_tag-tevnyomat","13":"first","14":"instock","15":"sold-individually","16":"shipping-taxable","17":"product-type-simple"},"_links":{"self":[{"href":"https:\/\/stampcurio.com\/hu\/wp-json\/wp\/v2\/product\/15416","targetHints":{"allow":["GET"]}}],"collection":[{"href":"https:\/\/stampcurio.com\/hu\/wp-json\/wp\/v2\/product"}],"about":[{"href":"https:\/\/stampcurio.com\/hu\/wp-json\/wp\/v2\/types\/product"}],"wp:featuredmedia":[{"embeddable":true,"href":"https:\/\/stampcurio.com\/hu\/wp-json\/wp\/v2\/media\/18781"}],"wp:attachment":[{"href":"https:\/\/stampcurio.com\/hu\/wp-json\/wp\/v2\/media?parent=15416"}],"wp:term":[{"taxonomy":"product_brand","embeddable":true,"href":"https:\/\/stampcurio.com\/hu\/wp-json\/wp\/v2\/product_brand?post=15416"},{"taxonomy":"product_cat","embeddable":true,"href":"https:\/\/stampcurio.com\/hu\/wp-json\/wp\/v2\/product_cat?post=15416"},{"taxonomy":"product_tag","embeddable":true,"href":"https:\/\/stampcurio.com\/hu\/wp-json\/wp\/v2\/product_tag?post=15416"}],"curies":[{"name":"wp","href":"https:\/\/api.w.org\/{rel}","templated":true}]}}