{"id":15414,"date":"2024-11-29T18:31:04","date_gmt":"2024-11-29T17:31:04","guid":{"rendered":"https:\/\/stampcurio.com\/product\/xxx-20f-debrecen-probanyomat-oszbarna-szinben-enyvezes-nelkul-felulnyomat-nelkul-tampeldany-a-vegleges-belyegrol-kozonseges-papiron\/"},"modified":"2025-12-05T04:06:48","modified_gmt":"2025-12-05T03:06:48","slug":"1920-debrecen-ii-20-filler-probanyomat-ozbarna-szinben-enyvezes-es-felulnyomat-nelkul-tampeldany-a-vegleges-belyegrol-kozonseges-papiron-pruf-bodor","status":"publish","type":"product","link":"https:\/\/stampcurio.com\/hu\/termek\/1920-debrecen-ii-20-filler-probanyomat-ozbarna-szinben-enyvezes-es-felulnyomat-nelkul-tampeldany-a-vegleges-belyegrol-kozonseges-papiron-pruf-bodor\/","title":{"rendered":"1920 Debrecen II. &#8211; 20 fill\u00e9r pr\u00f3banyomat \u0151zbarna sz\u00ednben enyvez\u00e9s \u00e9s fel\u00fclnyomat n\u00e9lk\u00fcl + t\u00e1mp\u00e9ld\u00e1ny a v\u00e9gleges b\u00e9lyegr\u0151l k\u00f6z\u00f6ns\u00e9ges pap\u00edron \/ Pr\u00fcf: Bodor"},"content":{"rendered":"","protected":false},"excerpt":{"rendered":"","protected":false},"featured_media":18752,"template":"","meta":[],"product_brand":[],"product_cat":[1172,1208],"product_tag":[1664,116,390,217,1006],"class_list":{"0":"post-15414","1":"product","2":"type-product","3":"status-publish","4":"has-post-thumbnail","6":"product_cat-magyarorszag","7":"product_cat-romania","8":"product_tag-2nd-auction-hu","9":"product_tag-belyeg","10":"product_tag-probanyomat","11":"product_tag-tevnyomat","12":"product_tag-unsold","14":"first","15":"instock","16":"sold-individually","17":"shipping-taxable","18":"product-type-simple"},"_links":{"self":[{"href":"https:\/\/stampcurio.com\/hu\/wp-json\/wp\/v2\/product\/15414","targetHints":{"allow":["GET"]}}],"collection":[{"href":"https:\/\/stampcurio.com\/hu\/wp-json\/wp\/v2\/product"}],"about":[{"href":"https:\/\/stampcurio.com\/hu\/wp-json\/wp\/v2\/types\/product"}],"wp:featuredmedia":[{"embeddable":true,"href":"https:\/\/stampcurio.com\/hu\/wp-json\/wp\/v2\/media\/18752"}],"wp:attachment":[{"href":"https:\/\/stampcurio.com\/hu\/wp-json\/wp\/v2\/media?parent=15414"}],"wp:term":[{"taxonomy":"product_brand","embeddable":true,"href":"https:\/\/stampcurio.com\/hu\/wp-json\/wp\/v2\/product_brand?post=15414"},{"taxonomy":"product_cat","embeddable":true,"href":"https:\/\/stampcurio.com\/hu\/wp-json\/wp\/v2\/product_cat?post=15414"},{"taxonomy":"product_tag","embeddable":true,"href":"https:\/\/stampcurio.com\/hu\/wp-json\/wp\/v2\/product_tag?post=15414"}],"curies":[{"name":"wp","href":"https:\/\/api.w.org\/{rel}","templated":true}]}}