{"id":15411,"date":"2024-11-29T18:31:03","date_gmt":"2024-11-29T17:31:03","guid":{"rendered":"https:\/\/stampcurio.com\/product\/xxx-karoly-20f-groteszk-es-antikva-r-betuvel-szeged\/"},"modified":"2025-12-05T04:06:49","modified_gmt":"2025-12-05T03:06:49","slug":"1919-szeged-karoly-20-filler-groteszk-es-antikva-r-betuvel-a-felulnyomas-magyar-szavaban-kulonfele-tipusok","status":"publish","type":"product","link":"https:\/\/stampcurio.com\/hu\/termek\/1919-szeged-karoly-20-filler-groteszk-es-antikva-r-betuvel-a-felulnyomas-magyar-szavaban-kulonfele-tipusok\/","title":{"rendered":"1919 Szeged &#8211; K\u00e1roly 20 fill\u00e9r groteszk \u00e9s antikva R bet\u0171vel a fel\u00fclnyom\u00e1s MAGYAR szav\u00e1ban &#8211; k\u00fcl\u00f6nf\u00e9le t\u00edpusok"},"content":{"rendered":"","protected":false},"excerpt":{"rendered":"","protected":false},"featured_media":23894,"template":"","meta":[],"product_brand":[],"product_cat":[1181,1172],"product_tag":[1664,116,217,1006],"class_list":{"0":"post-15411","1":"product","2":"type-product","3":"status-publish","4":"has-post-thumbnail","6":"product_cat-franciaorszag","7":"product_cat-magyarorszag","8":"product_tag-2nd-auction-hu","9":"product_tag-belyeg","10":"product_tag-tevnyomat","11":"product_tag-unsold","13":"first","14":"instock","15":"sold-individually","16":"shipping-taxable","17":"product-type-simple"},"_links":{"self":[{"href":"https:\/\/stampcurio.com\/hu\/wp-json\/wp\/v2\/product\/15411","targetHints":{"allow":["GET"]}}],"collection":[{"href":"https:\/\/stampcurio.com\/hu\/wp-json\/wp\/v2\/product"}],"about":[{"href":"https:\/\/stampcurio.com\/hu\/wp-json\/wp\/v2\/types\/product"}],"wp:featuredmedia":[{"embeddable":true,"href":"https:\/\/stampcurio.com\/hu\/wp-json\/wp\/v2\/media\/23894"}],"wp:attachment":[{"href":"https:\/\/stampcurio.com\/hu\/wp-json\/wp\/v2\/media?parent=15411"}],"wp:term":[{"taxonomy":"product_brand","embeddable":true,"href":"https:\/\/stampcurio.com\/hu\/wp-json\/wp\/v2\/product_brand?post=15411"},{"taxonomy":"product_cat","embeddable":true,"href":"https:\/\/stampcurio.com\/hu\/wp-json\/wp\/v2\/product_cat?post=15411"},{"taxonomy":"product_tag","embeddable":true,"href":"https:\/\/stampcurio.com\/hu\/wp-json\/wp\/v2\/product_tag?post=15411"}],"curies":[{"name":"wp","href":"https:\/\/api.w.org\/{rel}","templated":true}]}}