{"id":15410,"date":"2024-11-29T18:31:03","date_gmt":"2024-11-29T17:31:03","guid":{"rendered":"https:\/\/stampcurio.com\/product\/xxx-baranya-45-15f-forditott-felulnyomat-es-kettos-felulnyomat\/"},"modified":"2025-12-05T04:06:49","modified_gmt":"2025-12-05T03:06:49","slug":"1919-baranya-magyarorszag-postatiszta-45-15f-forditott-es-kettos-felulnyomat-pruf-bodor-phu-40-eur","status":"publish","type":"product","link":"https:\/\/stampcurio.com\/hu\/termek\/1919-baranya-magyarorszag-postatiszta-45-15f-forditott-es-kettos-felulnyomat-pruf-bodor-phu-40-eur\/","title":{"rendered":"1919 Baranya \/ Magyarorsz\u00e1g &#8211; postatiszta * 45\/15f ford\u00edtott \u00e9s kett\u0151s fel\u00fclnyomat \/ Pr\u00fcf: Bodor \/ PHu: 40 EUR"},"content":{"rendered":"","protected":false},"excerpt":{"rendered":"","protected":false},"featured_media":16512,"template":"","meta":[],"product_brand":[],"product_cat":[1172],"product_tag":[1664,116,217],"class_list":{"0":"post-15410","1":"product","2":"type-product","3":"status-publish","4":"has-post-thumbnail","6":"product_cat-magyarorszag","7":"product_tag-2nd-auction-hu","8":"product_tag-belyeg","9":"product_tag-tevnyomat","11":"first","12":"instock","13":"sold-individually","14":"shipping-taxable","15":"product-type-simple"},"_links":{"self":[{"href":"https:\/\/stampcurio.com\/hu\/wp-json\/wp\/v2\/product\/15410","targetHints":{"allow":["GET"]}}],"collection":[{"href":"https:\/\/stampcurio.com\/hu\/wp-json\/wp\/v2\/product"}],"about":[{"href":"https:\/\/stampcurio.com\/hu\/wp-json\/wp\/v2\/types\/product"}],"wp:featuredmedia":[{"embeddable":true,"href":"https:\/\/stampcurio.com\/hu\/wp-json\/wp\/v2\/media\/16512"}],"wp:attachment":[{"href":"https:\/\/stampcurio.com\/hu\/wp-json\/wp\/v2\/media?parent=15410"}],"wp:term":[{"taxonomy":"product_brand","embeddable":true,"href":"https:\/\/stampcurio.com\/hu\/wp-json\/wp\/v2\/product_brand?post=15410"},{"taxonomy":"product_cat","embeddable":true,"href":"https:\/\/stampcurio.com\/hu\/wp-json\/wp\/v2\/product_cat?post=15410"},{"taxonomy":"product_tag","embeddable":true,"href":"https:\/\/stampcurio.com\/hu\/wp-json\/wp\/v2\/product_tag?post=15410"}],"curies":[{"name":"wp","href":"https:\/\/api.w.org\/{rel}","templated":true}]}}