{"id":15409,"date":"2024-11-29T18:31:02","date_gmt":"2024-11-29T17:31:02","guid":{"rendered":"https:\/\/stampcurio.com\/product\/xxx-baranya-turul-50f-ivszeli-par-postatiszta\/"},"modified":"2025-12-05T04:06:50","modified_gmt":"2025-12-05T03:06:50","slug":"1919-baranya-i-turul-50-filler-postatiszta-ivszeli-par-forditott-felulnyomassal-a-bal-oldali-belyegen-i919-tevnyomat-phu-115-eur","status":"publish","type":"product","link":"https:\/\/stampcurio.com\/hu\/termek\/1919-baranya-i-turul-50-filler-postatiszta-ivszeli-par-forditott-felulnyomassal-a-bal-oldali-belyegen-i919-tevnyomat-phu-115-eur\/","title":{"rendered":"1919 Baranya I. &#8211; turul 50 fill\u00e9r postatiszta * \u00edvsz\u00e9li p\u00e1r ford\u00edtott fel\u00fclnyom\u00e1ssal, a bal oldali b\u00e9lyegen &#8220;i919&#8221; t\u00e9vnyomat | PHu: 115++ EUR"},"content":{"rendered":"","protected":false},"excerpt":{"rendered":"<p>A baloldali b\u00e9lyegen az els\u0151 1-es I nek l\u00e1tsz\u00f3dik, jobboldali b\u00e9lyeg szinte **<\/p>\n","protected":false},"featured_media":23854,"template":"","meta":[],"product_brand":[],"product_cat":[1172],"product_tag":[1664,116,217,1006],"class_list":{"0":"post-15409","1":"product","2":"type-product","3":"status-publish","4":"has-post-thumbnail","6":"product_cat-magyarorszag","7":"product_tag-2nd-auction-hu","8":"product_tag-belyeg","9":"product_tag-tevnyomat","10":"product_tag-unsold","12":"first","13":"instock","14":"sold-individually","15":"shipping-taxable","16":"product-type-simple"},"_links":{"self":[{"href":"https:\/\/stampcurio.com\/hu\/wp-json\/wp\/v2\/product\/15409","targetHints":{"allow":["GET"]}}],"collection":[{"href":"https:\/\/stampcurio.com\/hu\/wp-json\/wp\/v2\/product"}],"about":[{"href":"https:\/\/stampcurio.com\/hu\/wp-json\/wp\/v2\/types\/product"}],"wp:featuredmedia":[{"embeddable":true,"href":"https:\/\/stampcurio.com\/hu\/wp-json\/wp\/v2\/media\/23854"}],"wp:attachment":[{"href":"https:\/\/stampcurio.com\/hu\/wp-json\/wp\/v2\/media?parent=15409"}],"wp:term":[{"taxonomy":"product_brand","embeddable":true,"href":"https:\/\/stampcurio.com\/hu\/wp-json\/wp\/v2\/product_brand?post=15409"},{"taxonomy":"product_cat","embeddable":true,"href":"https:\/\/stampcurio.com\/hu\/wp-json\/wp\/v2\/product_cat?post=15409"},{"taxonomy":"product_tag","embeddable":true,"href":"https:\/\/stampcurio.com\/hu\/wp-json\/wp\/v2\/product_tag?post=15409"}],"curies":[{"name":"wp","href":"https:\/\/api.w.org\/{rel}","templated":true}]}}