{"id":15406,"date":"2024-11-29T18:31:02","date_gmt":"2024-11-29T17:31:02","guid":{"rendered":"https:\/\/stampcurio.com\/product\/xxx-kolozsvar-15f-dijjegyes-zita-40f-felulnyomott-belyeggel-kiegeszitve-helyi-dijjegyes-boritekon\/"},"modified":"2025-12-05T04:06:50","modified_gmt":"2025-12-05T03:06:50","slug":"1919-kolozsvar-dijjegyes-boritek-zita-felulnyomott-belyeggel-kiegeszitve-helyi-kuldemenykent-a-belyegen-a-bani-felulnyomas-felul-talalhato-tevnyomat-attest-bodor","status":"publish","type":"product","link":"https:\/\/stampcurio.com\/hu\/termek\/1919-kolozsvar-dijjegyes-boritek-zita-felulnyomott-belyeggel-kiegeszitve-helyi-kuldemenykent-a-belyegen-a-bani-felulnyomas-felul-talalhato-tevnyomat-attest-bodor\/","title":{"rendered":"1919 Kolozsv\u00e1r &#8211;  d\u00edjjegyes bor\u00edt\u00e9k Zita fel\u00fclnyomott b\u00e9lyeggel kieg\u00e9sz\u00edtve helyi k\u00fcldem\u00e9nyk\u00e9nt &#8211; A b\u00e9lyegen a BANI fel\u00fclnyom\u00e1s fel\u00fcl tal\u00e1lhat\u00f3 &#8211; t\u00e9vnyomat \/ Attest: Bodor"},"content":{"rendered":"","protected":false},"excerpt":{"rendered":"","protected":false},"featured_media":17999,"template":"","meta":[],"product_brand":[],"product_cat":[1172,1208],"product_tag":[1664,116,74,89,217],"class_list":{"0":"post-15406","1":"product","2":"type-product","3":"status-publish","4":"has-post-thumbnail","6":"product_cat-magyarorszag","7":"product_cat-romania","8":"product_tag-2nd-auction-hu","9":"product_tag-belyeg","10":"product_tag-dijjegyes","11":"product_tag-postatortenet","12":"product_tag-tevnyomat","14":"first","15":"instock","16":"sold-individually","17":"shipping-taxable","18":"product-type-simple"},"_links":{"self":[{"href":"https:\/\/stampcurio.com\/hu\/wp-json\/wp\/v2\/product\/15406","targetHints":{"allow":["GET"]}}],"collection":[{"href":"https:\/\/stampcurio.com\/hu\/wp-json\/wp\/v2\/product"}],"about":[{"href":"https:\/\/stampcurio.com\/hu\/wp-json\/wp\/v2\/types\/product"}],"wp:featuredmedia":[{"embeddable":true,"href":"https:\/\/stampcurio.com\/hu\/wp-json\/wp\/v2\/media\/17999"}],"wp:attachment":[{"href":"https:\/\/stampcurio.com\/hu\/wp-json\/wp\/v2\/media?parent=15406"}],"wp:term":[{"taxonomy":"product_brand","embeddable":true,"href":"https:\/\/stampcurio.com\/hu\/wp-json\/wp\/v2\/product_brand?post=15406"},{"taxonomy":"product_cat","embeddable":true,"href":"https:\/\/stampcurio.com\/hu\/wp-json\/wp\/v2\/product_cat?post=15406"},{"taxonomy":"product_tag","embeddable":true,"href":"https:\/\/stampcurio.com\/hu\/wp-json\/wp\/v2\/product_tag?post=15406"}],"curies":[{"name":"wp","href":"https:\/\/api.w.org\/{rel}","templated":true}]}}