{"id":15405,"date":"2024-11-29T18:31:01","date_gmt":"2024-11-29T17:31:01","guid":{"rendered":"https:\/\/stampcurio.com\/product\/xxx-debrecen-helyi-ajanlott-level-biro-marcell-fele-a-karoly-koztarsasag-25-f-belyegerol-hianyzo-roman-felulnyomas-rendkivul-ritkan-lathato-mert-a-ket-belyeg-ilyen-esetben-elvalasztodott-egymastol\/"},"modified":"2025-12-05T04:06:52","modified_gmt":"2025-12-05T03:06:52","slug":"1919-debrecen-helyi-ajanlott-level-a-biro-marcell-fele-levelezesbol-a-az-egyik-koztarsasag-karoly-25-f-belyegerol-hianyzo-roman-felulnyomas-rendkivul-ritkan-lathato-tevnyomat-attest-bodor","status":"publish","type":"product","link":"https:\/\/stampcurio.com\/hu\/termek\/1919-debrecen-helyi-ajanlott-level-a-biro-marcell-fele-levelezesbol-a-az-egyik-koztarsasag-karoly-25-f-belyegerol-hianyzo-roman-felulnyomas-rendkivul-ritkan-lathato-tevnyomat-attest-bodor\/","title":{"rendered":"1919 Debrecen &#8211; helyi aj\u00e1nlott lev\u00e9l a B\u00edr\u00f3 Marcell-f\u00e9le levelez\u00e9sb\u0151l &#8211; a az egyik K\u00f6zt\u00e1rsas\u00e1g \/ K\u00e1roly 25 f b\u00e9lyeg\u00e9r\u0151l hi\u00e1nyz\u00f3 rom\u00e1n fel\u00fclnyom\u00e1s &#8211; rendk\u00edv\u00fcl ritk\u00e1n l\u00e1that\u00f3 t\u00e9vnyomat | Attest: Bodor"},"content":{"rendered":"","protected":false},"excerpt":{"rendered":"<p>Mivel a k\u00e9t b\u00e9lyeg ilyen esetben elv\u00e1laszt\u00f3dott egym\u00e1st\u00f3l, akkor az als\u00f3 b\u00e9lyeget sima k\u00f6zt\u00e1rsas\u00e1g b\u00e9lyegk\u00e9nt \u00e9lte tov\u00e1bb \u00e9let\u00e9t<\/p>\n","protected":false},"featured_media":18180,"template":"","meta":[],"product_brand":[],"product_cat":[1172,1208],"product_tag":[1664,116,176,89,217],"class_list":{"0":"post-15405","1":"product","2":"type-product","3":"status-publish","4":"has-post-thumbnail","6":"product_cat-magyarorszag","7":"product_cat-romania","8":"product_tag-2nd-auction-hu","9":"product_tag-belyeg","10":"product_tag-philagem","11":"product_tag-postatortenet","12":"product_tag-tevnyomat","14":"first","15":"instock","16":"sold-individually","17":"shipping-taxable","18":"product-type-simple"},"_links":{"self":[{"href":"https:\/\/stampcurio.com\/hu\/wp-json\/wp\/v2\/product\/15405","targetHints":{"allow":["GET"]}}],"collection":[{"href":"https:\/\/stampcurio.com\/hu\/wp-json\/wp\/v2\/product"}],"about":[{"href":"https:\/\/stampcurio.com\/hu\/wp-json\/wp\/v2\/types\/product"}],"wp:featuredmedia":[{"embeddable":true,"href":"https:\/\/stampcurio.com\/hu\/wp-json\/wp\/v2\/media\/18180"}],"wp:attachment":[{"href":"https:\/\/stampcurio.com\/hu\/wp-json\/wp\/v2\/media?parent=15405"}],"wp:term":[{"taxonomy":"product_brand","embeddable":true,"href":"https:\/\/stampcurio.com\/hu\/wp-json\/wp\/v2\/product_brand?post=15405"},{"taxonomy":"product_cat","embeddable":true,"href":"https:\/\/stampcurio.com\/hu\/wp-json\/wp\/v2\/product_cat?post=15405"},{"taxonomy":"product_tag","embeddable":true,"href":"https:\/\/stampcurio.com\/hu\/wp-json\/wp\/v2\/product_tag?post=15405"}],"curies":[{"name":"wp","href":"https:\/\/api.w.org\/{rel}","templated":true}]}}