{"id":15404,"date":"2024-11-29T18:31:01","date_gmt":"2024-11-29T17:31:01","guid":{"rendered":"https:\/\/stampcurio.com\/product\/xxx-zagrab-helyi-ajanlott-level-shs-fiume-es-koztarsasag-felulnyomasu-belyegekkel-vegyesen\/"},"modified":"2025-12-05T04:06:51","modified_gmt":"2025-12-05T03:06:51","slug":"1919-shs-zagrabi-helyi-vegyes-bermentesitesu-ajanlott-level-shs-fiume-es-koztarsasag-felulnyomasu-belyegekkel-attest-bodor","status":"publish","type":"product","link":"https:\/\/stampcurio.com\/hu\/termek\/1919-shs-zagrabi-helyi-vegyes-bermentesitesu-ajanlott-level-shs-fiume-es-koztarsasag-felulnyomasu-belyegekkel-attest-bodor\/","title":{"rendered":"1919 SHS &#8211; z\u00e1gr\u00e1bi helyi vegyes b\u00e9rmentes\u00edt\u00e9s\u0171 aj\u00e1nlott lev\u00e9l SHS, Fiume \u00e9s k\u00f6zt\u00e1rsas\u00e1g fel\u00fclnyom\u00e1s\u00fa b\u00e9lyegekkel | Attest: Bodor"},"content":{"rendered":"","protected":false},"excerpt":{"rendered":"","protected":false},"featured_media":18049,"template":"","meta":[],"product_brand":[],"product_cat":[1222,1275,1192,1172,1245,1236],"product_tag":[1664,116,89],"class_list":{"0":"post-15404","1":"product","2":"type-product","3":"status-publish","4":"has-post-thumbnail","6":"product_cat-bosznia-hercegovina","7":"product_cat-fiume","8":"product_cat-horvatorszag","9":"product_cat-magyarorszag","10":"product_cat-szerbia","11":"product_cat-szlovenia","12":"product_tag-2nd-auction-hu","13":"product_tag-belyeg","14":"product_tag-postatortenet","16":"first","17":"instock","18":"sold-individually","19":"shipping-taxable","20":"product-type-simple"},"_links":{"self":[{"href":"https:\/\/stampcurio.com\/hu\/wp-json\/wp\/v2\/product\/15404","targetHints":{"allow":["GET"]}}],"collection":[{"href":"https:\/\/stampcurio.com\/hu\/wp-json\/wp\/v2\/product"}],"about":[{"href":"https:\/\/stampcurio.com\/hu\/wp-json\/wp\/v2\/types\/product"}],"wp:featuredmedia":[{"embeddable":true,"href":"https:\/\/stampcurio.com\/hu\/wp-json\/wp\/v2\/media\/18049"}],"wp:attachment":[{"href":"https:\/\/stampcurio.com\/hu\/wp-json\/wp\/v2\/media?parent=15404"}],"wp:term":[{"taxonomy":"product_brand","embeddable":true,"href":"https:\/\/stampcurio.com\/hu\/wp-json\/wp\/v2\/product_brand?post=15404"},{"taxonomy":"product_cat","embeddable":true,"href":"https:\/\/stampcurio.com\/hu\/wp-json\/wp\/v2\/product_cat?post=15404"},{"taxonomy":"product_tag","embeddable":true,"href":"https:\/\/stampcurio.com\/hu\/wp-json\/wp\/v2\/product_tag?post=15404"}],"curies":[{"name":"wp","href":"https:\/\/api.w.org\/{rel}","templated":true}]}}