{"id":15403,"date":"2024-11-29T18:31:01","date_gmt":"2024-11-29T17:31:01","guid":{"rendered":"https:\/\/stampcurio.com\/product\/xxx-borosjeno-arad-tarifahelyes-kuldemeny-rajta-a-romai-iii-szammal-jelzett-felulnyomat-hivatalosan-kiadasra-nem-kerult\/"},"modified":"2025-12-05T04:06:51","modified_gmt":"2025-12-05T03:06:51","slug":"1919-arad-borosjenorol-aradra-kuldott-cenzurazott-tarifahelyes-boritek-rajta-egy-belyeg-probanyomattal-phu-iii-amely-hivatalosan-postai-forgalomba-nem-kerult-attest-bodor","status":"publish","type":"product","link":"https:\/\/stampcurio.com\/hu\/termek\/1919-arad-borosjenorol-aradra-kuldott-cenzurazott-tarifahelyes-boritek-rajta-egy-belyeg-probanyomattal-phu-iii-amely-hivatalosan-postai-forgalomba-nem-kerult-attest-bodor\/","title":{"rendered":"1919 Arad &#8211; Borosjen\u0151r\u0151l Aradra k\u00fcld\u00f6tt cenz\u00far\u00e1zott tarifahelyes bor\u00edt\u00e9k rajta egy b\u00e9lyeg pr\u00f3banyomattal (PHu III.), amely hivatalosan postai forgalomba nem ker\u00fclt | Attest: Bodor"},"content":{"rendered":"","protected":false},"excerpt":{"rendered":"","protected":false},"featured_media":24987,"template":"","meta":[],"product_brand":[],"product_cat":[1181,1172,1208],"product_tag":[1664,116,233,176,89,390,217],"class_list":{"0":"post-15403","1":"product","2":"type-product","3":"status-publish","4":"has-post-thumbnail","6":"product_cat-franciaorszag","7":"product_cat-magyarorszag","8":"product_cat-romania","9":"product_tag-2nd-auction-hu","10":"product_tag-belyeg","11":"product_tag-cenzura","12":"product_tag-philagem","13":"product_tag-postatortenet","14":"product_tag-probanyomat","15":"product_tag-tevnyomat","17":"first","18":"instock","19":"sold-individually","20":"shipping-taxable","21":"product-type-simple"},"_links":{"self":[{"href":"https:\/\/stampcurio.com\/hu\/wp-json\/wp\/v2\/product\/15403","targetHints":{"allow":["GET"]}}],"collection":[{"href":"https:\/\/stampcurio.com\/hu\/wp-json\/wp\/v2\/product"}],"about":[{"href":"https:\/\/stampcurio.com\/hu\/wp-json\/wp\/v2\/types\/product"}],"wp:featuredmedia":[{"embeddable":true,"href":"https:\/\/stampcurio.com\/hu\/wp-json\/wp\/v2\/media\/24987"}],"wp:attachment":[{"href":"https:\/\/stampcurio.com\/hu\/wp-json\/wp\/v2\/media?parent=15403"}],"wp:term":[{"taxonomy":"product_brand","embeddable":true,"href":"https:\/\/stampcurio.com\/hu\/wp-json\/wp\/v2\/product_brand?post=15403"},{"taxonomy":"product_cat","embeddable":true,"href":"https:\/\/stampcurio.com\/hu\/wp-json\/wp\/v2\/product_cat?post=15403"},{"taxonomy":"product_tag","embeddable":true,"href":"https:\/\/stampcurio.com\/hu\/wp-json\/wp\/v2\/product_tag?post=15403"}],"curies":[{"name":"wp","href":"https:\/\/api.w.org\/{rel}","templated":true}]}}