{"id":15402,"date":"2024-11-29T18:31:00","date_gmt":"2024-11-29T17:31:00","guid":{"rendered":"https:\/\/stampcurio.com\/product\/xxx-ujarad-temesvar-ajanlott-tarifahelyes-level-a-akroly-koztarsasag-belyegen-forditott-felulnyomassal\/"},"modified":"2025-12-05T04:06:53","modified_gmt":"2025-12-05T03:06:53","slug":"1919-arad-ujaradrol-temesvarra-kuldott-ajanlott-tarifahelyes-level-a-koztarsasag-karoly-belyegen-forditott-felulnyomassal-attest-bodor","status":"publish","type":"product","link":"https:\/\/stampcurio.com\/hu\/termek\/1919-arad-ujaradrol-temesvarra-kuldott-ajanlott-tarifahelyes-level-a-koztarsasag-karoly-belyegen-forditott-felulnyomassal-attest-bodor\/","title":{"rendered":"1919 Arad &#8211; \u00dajaradr\u00f3l Temesv\u00e1rra k\u00fcld\u00f6tt aj\u00e1nlott tarifahelyes lev\u00e9l, a K\u00f6zt\u00e1rsas\u00e1g \/ K\u00e1roly b\u00e9lyegen ford\u00edtott fel\u00fclnyom\u00e1ssal | Attest: Bodor"},"content":{"rendered":"","protected":false},"excerpt":{"rendered":"","protected":false},"featured_media":24975,"template":"","meta":[],"product_brand":[],"product_cat":[1181,1172,1208],"product_tag":[1664,116,233,89,217],"class_list":{"0":"post-15402","1":"product","2":"type-product","3":"status-publish","4":"has-post-thumbnail","6":"product_cat-franciaorszag","7":"product_cat-magyarorszag","8":"product_cat-romania","9":"product_tag-2nd-auction-hu","10":"product_tag-belyeg","11":"product_tag-cenzura","12":"product_tag-postatortenet","13":"product_tag-tevnyomat","15":"first","16":"instock","17":"sold-individually","18":"shipping-taxable","19":"product-type-simple"},"_links":{"self":[{"href":"https:\/\/stampcurio.com\/hu\/wp-json\/wp\/v2\/product\/15402","targetHints":{"allow":["GET"]}}],"collection":[{"href":"https:\/\/stampcurio.com\/hu\/wp-json\/wp\/v2\/product"}],"about":[{"href":"https:\/\/stampcurio.com\/hu\/wp-json\/wp\/v2\/types\/product"}],"wp:featuredmedia":[{"embeddable":true,"href":"https:\/\/stampcurio.com\/hu\/wp-json\/wp\/v2\/media\/24975"}],"wp:attachment":[{"href":"https:\/\/stampcurio.com\/hu\/wp-json\/wp\/v2\/media?parent=15402"}],"wp:term":[{"taxonomy":"product_brand","embeddable":true,"href":"https:\/\/stampcurio.com\/hu\/wp-json\/wp\/v2\/product_brand?post=15402"},{"taxonomy":"product_cat","embeddable":true,"href":"https:\/\/stampcurio.com\/hu\/wp-json\/wp\/v2\/product_cat?post=15402"},{"taxonomy":"product_tag","embeddable":true,"href":"https:\/\/stampcurio.com\/hu\/wp-json\/wp\/v2\/product_tag?post=15402"}],"curies":[{"name":"wp","href":"https:\/\/api.w.org\/{rel}","templated":true}]}}