{"id":1540,"date":"2023-11-09T16:36:39","date_gmt":"2023-11-09T15:36:39","guid":{"rendered":"http:\/\/stampcurio.com\/?post_type=product&#038;p=1540"},"modified":"2025-12-05T04:13:46","modified_gmt":"2025-12-05T03:13:46","slug":"1938-tarifahelyes-legiposta-boritek-a-del-afrikai-unioba-a-hatoldali-belyegen-tollvonasos-ertektelenites","status":"publish","type":"product","link":"https:\/\/stampcurio.com\/hu\/termek\/1938-tarifahelyes-legiposta-boritek-a-del-afrikai-unioba-a-hatoldali-belyegen-tollvonasos-ertektelenites\/","title":{"rendered":"1938 tarifahelyes l\u00e9giposta bor\u00edt\u00e9k a D\u00e9l-afrikai Uni\u00f3ba &#8211; a h\u00e1toldali b\u00e9lyegen tollvon\u00e1sos \u00e9rt\u00e9ktelen\u00edt\u00e9s"},"content":{"rendered":"","protected":false},"excerpt":{"rendered":"<p>Kiss\u00e9 viseletes, k\u00f6znapi k\u00fcldem\u00e9ny.<br \/>\n1 s\u00falyfokozat, l\u00e9giposta p\u00f3td\u00edj 90f + lev\u00e9ld\u00edj 40f.<br \/>\nA h\u00e1toldali b\u00e9lyegeket felad\u00e1skor nem \u00e9rv\u00e9nytelen\u00edtett\u00e9k, csak ut\u00f3lag szab\u00e1lyszer\u0171en nem a helyt-kelt b\u00e9lyegz\u0151vel, hanem tollvon\u00e1ssal.<\/p>\n","protected":false},"featured_media":1542,"template":"","meta":[],"product_brand":[],"product_cat":[142,73],"product_tag":[1044,115,67,89],"class_list":{"0":"post-1540","1":"product","2":"type-product","3":"status-publish","4":"has-post-thumbnail","6":"product_cat-del-afrikai-koztarsasag-1st","7":"product_cat-magyarorszag-1st","8":"product_tag-1st-auction-hu","9":"product_tag-legiposta","10":"product_tag-marcofilatelia","11":"product_tag-postatortenet","12":"pa_catalog_id-139","14":"first","15":"instock","16":"sold-individually","17":"shipping-taxable","18":"product-type-simple"},"_links":{"self":[{"href":"https:\/\/stampcurio.com\/hu\/wp-json\/wp\/v2\/product\/1540","targetHints":{"allow":["GET"]}}],"collection":[{"href":"https:\/\/stampcurio.com\/hu\/wp-json\/wp\/v2\/product"}],"about":[{"href":"https:\/\/stampcurio.com\/hu\/wp-json\/wp\/v2\/types\/product"}],"wp:featuredmedia":[{"embeddable":true,"href":"https:\/\/stampcurio.com\/hu\/wp-json\/wp\/v2\/media\/1542"}],"wp:attachment":[{"href":"https:\/\/stampcurio.com\/hu\/wp-json\/wp\/v2\/media?parent=1540"}],"wp:term":[{"taxonomy":"product_brand","embeddable":true,"href":"https:\/\/stampcurio.com\/hu\/wp-json\/wp\/v2\/product_brand?post=1540"},{"taxonomy":"product_cat","embeddable":true,"href":"https:\/\/stampcurio.com\/hu\/wp-json\/wp\/v2\/product_cat?post=1540"},{"taxonomy":"product_tag","embeddable":true,"href":"https:\/\/stampcurio.com\/hu\/wp-json\/wp\/v2\/product_tag?post=1540"}],"curies":[{"name":"wp","href":"https:\/\/api.w.org\/{rel}","templated":true}]}}