{"id":15399,"date":"2024-11-29T18:30:58","date_gmt":"2024-11-29T17:30:58","guid":{"rendered":"https:\/\/stampcurio.com\/product\/xxx-dijjegyes-levlap-aradon-feladva-8f-2f-dijhiany-miatt-2x-2f-felulnyomott-portobelyeggel-portozva\/"},"modified":"2025-12-05T04:06:53","modified_gmt":"2025-12-05T03:06:53","slug":"1919-arad-dijjegyes-levelezesi-lap-aradon-feladva-a-2-f-dijhiany-miatt-4f-portoval-attest-bodor","status":"publish","type":"product","link":"https:\/\/stampcurio.com\/hu\/termek\/1919-arad-dijjegyes-levelezesi-lap-aradon-feladva-a-2-f-dijhiany-miatt-4f-portoval-attest-bodor\/","title":{"rendered":"1919 Arad &#8211; d\u00edjjegyes levelez\u00e9si lap Aradon feladva, a 2 f d\u00edjhi\u00e1ny miatt 4f port\u00f3val | Attest: Bodor"},"content":{"rendered":"","protected":false},"excerpt":{"rendered":"","protected":false},"featured_media":18232,"template":"","meta":[],"product_brand":[],"product_cat":[1181,1172,1208],"product_tag":[1664,116,74,108,89],"class_list":{"0":"post-15399","1":"product","2":"type-product","3":"status-publish","4":"has-post-thumbnail","6":"product_cat-franciaorszag","7":"product_cat-magyarorszag","8":"product_cat-romania","9":"product_tag-2nd-auction-hu","10":"product_tag-belyeg","11":"product_tag-dijjegyes","12":"product_tag-porto","13":"product_tag-postatortenet","15":"first","16":"instock","17":"sold-individually","18":"shipping-taxable","19":"product-type-simple"},"_links":{"self":[{"href":"https:\/\/stampcurio.com\/hu\/wp-json\/wp\/v2\/product\/15399","targetHints":{"allow":["GET"]}}],"collection":[{"href":"https:\/\/stampcurio.com\/hu\/wp-json\/wp\/v2\/product"}],"about":[{"href":"https:\/\/stampcurio.com\/hu\/wp-json\/wp\/v2\/types\/product"}],"wp:featuredmedia":[{"embeddable":true,"href":"https:\/\/stampcurio.com\/hu\/wp-json\/wp\/v2\/media\/18232"}],"wp:attachment":[{"href":"https:\/\/stampcurio.com\/hu\/wp-json\/wp\/v2\/media?parent=15399"}],"wp:term":[{"taxonomy":"product_brand","embeddable":true,"href":"https:\/\/stampcurio.com\/hu\/wp-json\/wp\/v2\/product_brand?post=15399"},{"taxonomy":"product_cat","embeddable":true,"href":"https:\/\/stampcurio.com\/hu\/wp-json\/wp\/v2\/product_cat?post=15399"},{"taxonomy":"product_tag","embeddable":true,"href":"https:\/\/stampcurio.com\/hu\/wp-json\/wp\/v2\/product_tag?post=15399"}],"curies":[{"name":"wp","href":"https:\/\/api.w.org\/{rel}","templated":true}]}}