{"id":15396,"date":"2024-11-29T18:30:57","date_gmt":"2024-11-29T17:30:57","guid":{"rendered":"https:\/\/stampcurio.com\/product\/1919-borosjeno-arad-futott-ajanlott-level-roman-francia-cenzuraval-tarifahelyes\/"},"modified":"2025-12-05T04:06:53","modified_gmt":"2025-12-05T03:06:53","slug":"1919-arad-borosjenorol-aradra-kuldott-tarifahelyes-ajanlott-level-francia-cenzuraval-ritka-vegyes-bermentesitessel-attest-bodor","status":"publish","type":"product","link":"https:\/\/stampcurio.com\/hu\/termek\/1919-arad-borosjenorol-aradra-kuldott-tarifahelyes-ajanlott-level-francia-cenzuraval-ritka-vegyes-bermentesitessel-attest-bodor\/","title":{"rendered":"1919 Arad &#8211; Borosjen\u0151r\u0151l Aradra k\u00fcld\u00f6tt, tarifahelyes aj\u00e1nlott lev\u00e9l francia cenz\u00far\u00e1val ritka vegyes b\u00e9rmentes\u00edt\u00e9ssel | Attest: Bodor"},"content":{"rendered":"","protected":false},"excerpt":{"rendered":"","protected":false},"featured_media":18278,"template":"","meta":[],"product_brand":[],"product_cat":[1181,1172,1208],"product_tag":[1664,116,233,1041,89],"class_list":{"0":"post-15396","1":"product","2":"type-product","3":"status-publish","4":"has-post-thumbnail","6":"product_cat-franciaorszag","7":"product_cat-magyarorszag","8":"product_cat-romania","9":"product_tag-2nd-auction-hu","10":"product_tag-belyeg","11":"product_tag-cenzura","12":"product_tag-marcophily-hu","13":"product_tag-postatortenet","15":"first","16":"instock","17":"sold-individually","18":"shipping-taxable","19":"product-type-simple"},"_links":{"self":[{"href":"https:\/\/stampcurio.com\/hu\/wp-json\/wp\/v2\/product\/15396","targetHints":{"allow":["GET"]}}],"collection":[{"href":"https:\/\/stampcurio.com\/hu\/wp-json\/wp\/v2\/product"}],"about":[{"href":"https:\/\/stampcurio.com\/hu\/wp-json\/wp\/v2\/types\/product"}],"wp:featuredmedia":[{"embeddable":true,"href":"https:\/\/stampcurio.com\/hu\/wp-json\/wp\/v2\/media\/18278"}],"wp:attachment":[{"href":"https:\/\/stampcurio.com\/hu\/wp-json\/wp\/v2\/media?parent=15396"}],"wp:term":[{"taxonomy":"product_brand","embeddable":true,"href":"https:\/\/stampcurio.com\/hu\/wp-json\/wp\/v2\/product_brand?post=15396"},{"taxonomy":"product_cat","embeddable":true,"href":"https:\/\/stampcurio.com\/hu\/wp-json\/wp\/v2\/product_cat?post=15396"},{"taxonomy":"product_tag","embeddable":true,"href":"https:\/\/stampcurio.com\/hu\/wp-json\/wp\/v2\/product_tag?post=15396"}],"curies":[{"name":"wp","href":"https:\/\/api.w.org\/{rel}","templated":true}]}}