{"id":15395,"date":"2024-11-29T18:30:56","date_gmt":"2024-11-29T17:30:56","guid":{"rendered":"https:\/\/stampcurio.com\/product\/1921-nymo-5-korona-tete-beche-negyestomb\/"},"modified":"2025-12-05T04:06:56","modified_gmt":"2025-12-05T03:06:56","slug":"1921-nyugat-magyarorszag-vii-5-korona-postatiszta-tete-beche-negyestomb-pruf-bodor","status":"publish","type":"product","link":"https:\/\/stampcurio.com\/hu\/termek\/1921-nyugat-magyarorszag-vii-5-korona-postatiszta-tete-beche-negyestomb-pruf-bodor\/","title":{"rendered":"1921 Nyugat-Magyarorsz\u00e1g VII. &#8211; 5 korona postatiszta ** tete-beche n\u00e9gyest\u00f6mb \/ Pr\u00fcf: Bodor"},"content":{"rendered":"","protected":false},"excerpt":{"rendered":"","protected":false},"featured_media":23904,"template":"","meta":[],"product_brand":[],"product_cat":[1172],"product_tag":[1664,116,1334],"class_list":{"0":"post-15395","1":"product","2":"type-product","3":"status-publish","4":"has-post-thumbnail","6":"product_cat-magyarorszag","7":"product_tag-2nd-auction-hu","8":"product_tag-belyeg","9":"product_tag-tete-beche","11":"first","12":"instock","13":"sold-individually","14":"shipping-taxable","15":"product-type-simple"},"_links":{"self":[{"href":"https:\/\/stampcurio.com\/hu\/wp-json\/wp\/v2\/product\/15395","targetHints":{"allow":["GET"]}}],"collection":[{"href":"https:\/\/stampcurio.com\/hu\/wp-json\/wp\/v2\/product"}],"about":[{"href":"https:\/\/stampcurio.com\/hu\/wp-json\/wp\/v2\/types\/product"}],"wp:featuredmedia":[{"embeddable":true,"href":"https:\/\/stampcurio.com\/hu\/wp-json\/wp\/v2\/media\/23904"}],"wp:attachment":[{"href":"https:\/\/stampcurio.com\/hu\/wp-json\/wp\/v2\/media?parent=15395"}],"wp:term":[{"taxonomy":"product_brand","embeddable":true,"href":"https:\/\/stampcurio.com\/hu\/wp-json\/wp\/v2\/product_brand?post=15395"},{"taxonomy":"product_cat","embeddable":true,"href":"https:\/\/stampcurio.com\/hu\/wp-json\/wp\/v2\/product_cat?post=15395"},{"taxonomy":"product_tag","embeddable":true,"href":"https:\/\/stampcurio.com\/hu\/wp-json\/wp\/v2\/product_tag?post=15395"}],"curies":[{"name":"wp","href":"https:\/\/api.w.org\/{rel}","templated":true}]}}