{"id":15394,"date":"2024-11-29T18:30:56","date_gmt":"2024-11-29T17:30:56","guid":{"rendered":"https:\/\/stampcurio.com\/product\/1919-baranya-koztarsasag-2f-groteszk-es-antikva-felulnyomassal-1919\/"},"modified":"2025-12-05T04:06:55","modified_gmt":"2025-12-05T03:06:55","slug":"1919-baranya-koztarsasag-2f-a-felulnyomatban-az-1919-groteszk-es-antikva-felulnyomasu-vegyestipusu-par","status":"publish","type":"product","link":"https:\/\/stampcurio.com\/hu\/termek\/1919-baranya-koztarsasag-2f-a-felulnyomatban-az-1919-groteszk-es-antikva-felulnyomasu-vegyestipusu-par\/","title":{"rendered":"1919 Baranya &#8211; K\u00f6zt\u00e1rsas\u00e1g \/ 2f a fel\u00fclnyomatban az &#8220;1919&#8221; groteszk \u00e9s antikva fel\u00fclnyom\u00e1s\u00fa &#8211; vegyest\u00edpus\u00fa p\u00e1r"},"content":{"rendered":"","protected":false},"excerpt":{"rendered":"","protected":false},"featured_media":24984,"template":"","meta":[],"product_brand":[],"product_cat":[1172],"product_tag":[1664,116,217,1006],"class_list":{"0":"post-15394","1":"product","2":"type-product","3":"status-publish","4":"has-post-thumbnail","6":"product_cat-magyarorszag","7":"product_tag-2nd-auction-hu","8":"product_tag-belyeg","9":"product_tag-tevnyomat","10":"product_tag-unsold","12":"first","13":"instock","14":"sold-individually","15":"shipping-taxable","16":"product-type-simple"},"_links":{"self":[{"href":"https:\/\/stampcurio.com\/hu\/wp-json\/wp\/v2\/product\/15394","targetHints":{"allow":["GET"]}}],"collection":[{"href":"https:\/\/stampcurio.com\/hu\/wp-json\/wp\/v2\/product"}],"about":[{"href":"https:\/\/stampcurio.com\/hu\/wp-json\/wp\/v2\/types\/product"}],"wp:featuredmedia":[{"embeddable":true,"href":"https:\/\/stampcurio.com\/hu\/wp-json\/wp\/v2\/media\/24984"}],"wp:attachment":[{"href":"https:\/\/stampcurio.com\/hu\/wp-json\/wp\/v2\/media?parent=15394"}],"wp:term":[{"taxonomy":"product_brand","embeddable":true,"href":"https:\/\/stampcurio.com\/hu\/wp-json\/wp\/v2\/product_brand?post=15394"},{"taxonomy":"product_cat","embeddable":true,"href":"https:\/\/stampcurio.com\/hu\/wp-json\/wp\/v2\/product_cat?post=15394"},{"taxonomy":"product_tag","embeddable":true,"href":"https:\/\/stampcurio.com\/hu\/wp-json\/wp\/v2\/product_tag?post=15394"}],"curies":[{"name":"wp","href":"https:\/\/api.w.org\/{rel}","templated":true}]}}