{"id":15392,"date":"2024-11-29T18:30:56","date_gmt":"2024-11-29T17:30:56","guid":{"rendered":"https:\/\/stampcurio.com\/product\/1919-baranya-karoly-10f-elcsuszott-felulnyomat-hatostomb-ketton-groteszk-ertekszammal\/"},"modified":"2025-12-05T04:06:55","modified_gmt":"2025-12-05T03:06:55","slug":"1919-baranya-i-karoly-10f-postatiszta-hatostomb-elcsuszott-felulnyomat-ket-belyegen-az-1919-evszam-groteszk-betutipussal-osszefuggo-tipusok","status":"publish","type":"product","link":"https:\/\/stampcurio.com\/hu\/termek\/1919-baranya-i-karoly-10f-postatiszta-hatostomb-elcsuszott-felulnyomat-ket-belyegen-az-1919-evszam-groteszk-betutipussal-osszefuggo-tipusok\/","title":{"rendered":"1919 Baranya I. &#8211; K\u00e1roly 10f postatiszta ** hatost\u00f6mb, elcs\u00faszott fel\u00fclnyomat, k\u00e9t b\u00e9lyegen az 1919 \u00e9vsz\u00e1m groteszk bet\u0171t\u00edpussal &#8211; \u00f6sszef\u00fcgg\u0151 t\u00edpusok"},"content":{"rendered":"","protected":false},"excerpt":{"rendered":"","protected":false},"featured_media":24990,"template":"","meta":[],"product_brand":[],"product_cat":[1172],"product_tag":[1664,116,217,1006],"class_list":{"0":"post-15392","1":"product","2":"type-product","3":"status-publish","4":"has-post-thumbnail","6":"product_cat-magyarorszag","7":"product_tag-2nd-auction-hu","8":"product_tag-belyeg","9":"product_tag-tevnyomat","10":"product_tag-unsold","12":"first","13":"instock","14":"sold-individually","15":"shipping-taxable","16":"product-type-simple"},"_links":{"self":[{"href":"https:\/\/stampcurio.com\/hu\/wp-json\/wp\/v2\/product\/15392","targetHints":{"allow":["GET"]}}],"collection":[{"href":"https:\/\/stampcurio.com\/hu\/wp-json\/wp\/v2\/product"}],"about":[{"href":"https:\/\/stampcurio.com\/hu\/wp-json\/wp\/v2\/types\/product"}],"wp:featuredmedia":[{"embeddable":true,"href":"https:\/\/stampcurio.com\/hu\/wp-json\/wp\/v2\/media\/24990"}],"wp:attachment":[{"href":"https:\/\/stampcurio.com\/hu\/wp-json\/wp\/v2\/media?parent=15392"}],"wp:term":[{"taxonomy":"product_brand","embeddable":true,"href":"https:\/\/stampcurio.com\/hu\/wp-json\/wp\/v2\/product_brand?post=15392"},{"taxonomy":"product_cat","embeddable":true,"href":"https:\/\/stampcurio.com\/hu\/wp-json\/wp\/v2\/product_cat?post=15392"},{"taxonomy":"product_tag","embeddable":true,"href":"https:\/\/stampcurio.com\/hu\/wp-json\/wp\/v2\/product_tag?post=15392"}],"curies":[{"name":"wp","href":"https:\/\/api.w.org\/{rel}","templated":true}]}}