{"id":15390,"date":"2024-11-29T18:30:55","date_gmt":"2024-11-29T17:30:55","guid":{"rendered":"https:\/\/stampcurio.com\/product\/1919-baranya-parlament-75f-forditott-felulnyomassal-penzeslevel-kivagason-egyik-egyes-helyett-i-betuvel\/"},"modified":"2025-12-05T04:06:56","modified_gmt":"2025-12-05T03:06:56","slug":"1919-baranya-i-parlament-75-filler-forditott-felulnyomassal-penzeslevel-kivagason-19i9-tevnyomat-phu-55-eur","status":"publish","type":"product","link":"https:\/\/stampcurio.com\/hu\/termek\/1919-baranya-i-parlament-75-filler-forditott-felulnyomassal-penzeslevel-kivagason-19i9-tevnyomat-phu-55-eur\/","title":{"rendered":"1919 Baranya I. &#8211; Parlament 75 fill\u00e9r ford\u00edtott fel\u00fclnyom\u00e1ssal p\u00e9nzeslev\u00e9l kiv\u00e1g\u00e1son + &#8220;19i9&#8221; t\u00e9vnyomat | PHu: 55+++ EUR"},"content":{"rendered":"","protected":false},"excerpt":{"rendered":"","protected":false},"featured_media":23888,"template":"","meta":[],"product_brand":[],"product_cat":[1172],"product_tag":[1664,116,217,1006],"class_list":{"0":"post-15390","1":"product","2":"type-product","3":"status-publish","4":"has-post-thumbnail","6":"product_cat-magyarorszag","7":"product_tag-2nd-auction-hu","8":"product_tag-belyeg","9":"product_tag-tevnyomat","10":"product_tag-unsold","12":"first","13":"instock","14":"sold-individually","15":"shipping-taxable","16":"product-type-simple"},"_links":{"self":[{"href":"https:\/\/stampcurio.com\/hu\/wp-json\/wp\/v2\/product\/15390","targetHints":{"allow":["GET"]}}],"collection":[{"href":"https:\/\/stampcurio.com\/hu\/wp-json\/wp\/v2\/product"}],"about":[{"href":"https:\/\/stampcurio.com\/hu\/wp-json\/wp\/v2\/types\/product"}],"wp:featuredmedia":[{"embeddable":true,"href":"https:\/\/stampcurio.com\/hu\/wp-json\/wp\/v2\/media\/23888"}],"wp:attachment":[{"href":"https:\/\/stampcurio.com\/hu\/wp-json\/wp\/v2\/media?parent=15390"}],"wp:term":[{"taxonomy":"product_brand","embeddable":true,"href":"https:\/\/stampcurio.com\/hu\/wp-json\/wp\/v2\/product_brand?post=15390"},{"taxonomy":"product_cat","embeddable":true,"href":"https:\/\/stampcurio.com\/hu\/wp-json\/wp\/v2\/product_cat?post=15390"},{"taxonomy":"product_tag","embeddable":true,"href":"https:\/\/stampcurio.com\/hu\/wp-json\/wp\/v2\/product_tag?post=15390"}],"curies":[{"name":"wp","href":"https:\/\/api.w.org\/{rel}","templated":true}]}}