{"id":15388,"date":"2024-11-29T18:30:54","date_gmt":"2024-11-29T17:30:54","guid":{"rendered":"https:\/\/stampcurio.com\/product\/1921-ny-mo-7-1-k-probanyomat\/"},"modified":"2025-12-05T04:06:58","modified_gmt":"2025-12-05T03:06:58","slug":"1921-nyugat-magyarorszag-vii-1-korona-vagott-probanyomat-negyestomb-barna-szinben-pruf-bodor","status":"publish","type":"product","link":"https:\/\/stampcurio.com\/hu\/termek\/1921-nyugat-magyarorszag-vii-1-korona-vagott-probanyomat-negyestomb-barna-szinben-pruf-bodor\/","title":{"rendered":"1921 Nyugat-Magyarorsz\u00e1g VII. &#8211; 1 Korona v\u00e1gott pr\u00f3banyomat n\u00e9gyest\u00f6mb barna sz\u00ednben \/ Pr\u00fcf: Bodor"},"content":{"rendered":"","protected":false},"excerpt":{"rendered":"","protected":false},"featured_media":18668,"template":"","meta":[],"product_brand":[],"product_cat":[1172],"product_tag":[1664,116,108,390,217,1006],"class_list":{"0":"post-15388","1":"product","2":"type-product","3":"status-publish","4":"has-post-thumbnail","6":"product_cat-magyarorszag","7":"product_tag-2nd-auction-hu","8":"product_tag-belyeg","9":"product_tag-porto","10":"product_tag-probanyomat","11":"product_tag-tevnyomat","12":"product_tag-unsold","14":"first","15":"instock","16":"sold-individually","17":"shipping-taxable","18":"product-type-simple"},"_links":{"self":[{"href":"https:\/\/stampcurio.com\/hu\/wp-json\/wp\/v2\/product\/15388","targetHints":{"allow":["GET"]}}],"collection":[{"href":"https:\/\/stampcurio.com\/hu\/wp-json\/wp\/v2\/product"}],"about":[{"href":"https:\/\/stampcurio.com\/hu\/wp-json\/wp\/v2\/types\/product"}],"wp:featuredmedia":[{"embeddable":true,"href":"https:\/\/stampcurio.com\/hu\/wp-json\/wp\/v2\/media\/18668"}],"wp:attachment":[{"href":"https:\/\/stampcurio.com\/hu\/wp-json\/wp\/v2\/media?parent=15388"}],"wp:term":[{"taxonomy":"product_brand","embeddable":true,"href":"https:\/\/stampcurio.com\/hu\/wp-json\/wp\/v2\/product_brand?post=15388"},{"taxonomy":"product_cat","embeddable":true,"href":"https:\/\/stampcurio.com\/hu\/wp-json\/wp\/v2\/product_cat?post=15388"},{"taxonomy":"product_tag","embeddable":true,"href":"https:\/\/stampcurio.com\/hu\/wp-json\/wp\/v2\/product_tag?post=15388"}],"curies":[{"name":"wp","href":"https:\/\/api.w.org\/{rel}","templated":true}]}}