{"id":15387,"date":"2024-11-29T18:30:54","date_gmt":"2024-11-29T17:30:54","guid":{"rendered":"https:\/\/stampcurio.com\/product\/1921-nyugat-magyarorszag-7-porto-probanyomat-ertekszam-nelkul-barna-szinben-vagott-enyvezes-nelkul\/"},"modified":"2025-12-05T04:06:58","modified_gmt":"2025-12-05T03:06:58","slug":"1921-nyugat-magyarorszag-vii-vagott-porto-probanyomat-ertekszam-nelkul-barna-szinben-pruf-bodor","status":"publish","type":"product","link":"https:\/\/stampcurio.com\/hu\/termek\/1921-nyugat-magyarorszag-vii-vagott-porto-probanyomat-ertekszam-nelkul-barna-szinben-pruf-bodor\/","title":{"rendered":"1921 Nyugat-Magyarorsz\u00e1g VII. &#8211; v\u00e1gott, port\u00f3 pr\u00f3banyomat \u00e9rt\u00e9ksz\u00e1m n\u00e9lk\u00fcl, barna sz\u00ednben \/ Pr\u00fcf: Bodor"},"content":{"rendered":"","protected":false},"excerpt":{"rendered":"","protected":false},"featured_media":18765,"template":"","meta":[],"product_brand":[],"product_cat":[1178,1172],"product_tag":[1664,116,108,390,217,1006],"class_list":{"0":"post-15387","1":"product","2":"type-product","3":"status-publish","4":"has-post-thumbnail","6":"product_cat-ausztria","7":"product_cat-magyarorszag","8":"product_tag-2nd-auction-hu","9":"product_tag-belyeg","10":"product_tag-porto","11":"product_tag-probanyomat","12":"product_tag-tevnyomat","13":"product_tag-unsold","15":"first","16":"instock","17":"sold-individually","18":"shipping-taxable","19":"product-type-simple"},"_links":{"self":[{"href":"https:\/\/stampcurio.com\/hu\/wp-json\/wp\/v2\/product\/15387","targetHints":{"allow":["GET"]}}],"collection":[{"href":"https:\/\/stampcurio.com\/hu\/wp-json\/wp\/v2\/product"}],"about":[{"href":"https:\/\/stampcurio.com\/hu\/wp-json\/wp\/v2\/types\/product"}],"wp:featuredmedia":[{"embeddable":true,"href":"https:\/\/stampcurio.com\/hu\/wp-json\/wp\/v2\/media\/18765"}],"wp:attachment":[{"href":"https:\/\/stampcurio.com\/hu\/wp-json\/wp\/v2\/media?parent=15387"}],"wp:term":[{"taxonomy":"product_brand","embeddable":true,"href":"https:\/\/stampcurio.com\/hu\/wp-json\/wp\/v2\/product_brand?post=15387"},{"taxonomy":"product_cat","embeddable":true,"href":"https:\/\/stampcurio.com\/hu\/wp-json\/wp\/v2\/product_cat?post=15387"},{"taxonomy":"product_tag","embeddable":true,"href":"https:\/\/stampcurio.com\/hu\/wp-json\/wp\/v2\/product_tag?post=15387"}],"curies":[{"name":"wp","href":"https:\/\/api.w.org\/{rel}","templated":true}]}}