{"id":15386,"date":"2024-11-29T18:30:54","date_gmt":"2024-11-29T17:30:54","guid":{"rendered":"https:\/\/stampcurio.com\/product\/1919-kolozsvar-karoly-20f-negyestomb-a-90-ivhelyen-ban1-felulnyomas\/"},"modified":"2025-12-05T04:06:57","modified_gmt":"2025-12-05T03:06:57","slug":"1919-kolozsvar-karoly-20-filler-postatiszta-negyestomb-a-90-ivhelyen-ban1-felulnyomas","status":"publish","type":"product","link":"https:\/\/stampcurio.com\/hu\/termek\/1919-kolozsvar-karoly-20-filler-postatiszta-negyestomb-a-90-ivhelyen-ban1-felulnyomas\/","title":{"rendered":"1919 Kolozsv\u00e1r &#8211; K\u00e1roly 20 fill\u00e9r postatiszta **  n\u00e9gyest\u00f6mb, a 90 \u00edvhelyen BAN1 fel\u00fclnyom\u00e1s"},"content":{"rendered":"","protected":false},"excerpt":{"rendered":"","protected":false},"featured_media":18716,"template":"","meta":[],"product_brand":[],"product_cat":[1172,1208],"product_tag":[1664,116,217],"class_list":{"0":"post-15386","1":"product","2":"type-product","3":"status-publish","4":"has-post-thumbnail","6":"product_cat-magyarorszag","7":"product_cat-romania","8":"product_tag-2nd-auction-hu","9":"product_tag-belyeg","10":"product_tag-tevnyomat","12":"first","13":"instock","14":"sold-individually","15":"shipping-taxable","16":"product-type-simple"},"_links":{"self":[{"href":"https:\/\/stampcurio.com\/hu\/wp-json\/wp\/v2\/product\/15386","targetHints":{"allow":["GET"]}}],"collection":[{"href":"https:\/\/stampcurio.com\/hu\/wp-json\/wp\/v2\/product"}],"about":[{"href":"https:\/\/stampcurio.com\/hu\/wp-json\/wp\/v2\/types\/product"}],"wp:featuredmedia":[{"embeddable":true,"href":"https:\/\/stampcurio.com\/hu\/wp-json\/wp\/v2\/media\/18716"}],"wp:attachment":[{"href":"https:\/\/stampcurio.com\/hu\/wp-json\/wp\/v2\/media?parent=15386"}],"wp:term":[{"taxonomy":"product_brand","embeddable":true,"href":"https:\/\/stampcurio.com\/hu\/wp-json\/wp\/v2\/product_brand?post=15386"},{"taxonomy":"product_cat","embeddable":true,"href":"https:\/\/stampcurio.com\/hu\/wp-json\/wp\/v2\/product_cat?post=15386"},{"taxonomy":"product_tag","embeddable":true,"href":"https:\/\/stampcurio.com\/hu\/wp-json\/wp\/v2\/product_tag?post=15386"}],"curies":[{"name":"wp","href":"https:\/\/api.w.org\/{rel}","templated":true}]}}