{"id":15385,"date":"2024-11-29T18:30:54","date_gmt":"2024-11-29T17:30:54","guid":{"rendered":"https:\/\/stampcurio.com\/product\/1945-nagyvarad-2-40-50-1-50-2-pengo-vagott-ertekei-kettos-felulnyomassal\/"},"modified":"2025-12-05T04:06:57","modified_gmt":"2025-12-05T03:06:57","slug":"1945-nagyvarad-ii-40-50-1-50-2-pengo-vagott-ertekei-kettos-felulnyomassal","status":"publish","type":"product","link":"https:\/\/stampcurio.com\/hu\/termek\/1945-nagyvarad-ii-40-50-1-50-2-pengo-vagott-ertekei-kettos-felulnyomassal\/","title":{"rendered":"1945 Nagyv\u00e1rad II. &#8211; 40, 50, 1.50, 2 peng\u0151 v\u00e1gott \u00e9rt\u00e9kei kett\u0151s fel\u00fclnyom\u00e1ssal"},"content":{"rendered":"","protected":false},"excerpt":{"rendered":"","protected":false},"featured_media":18696,"template":"","meta":[],"product_brand":[],"product_cat":[1172,1208],"product_tag":[279,1664,116,217],"class_list":{"0":"post-15385","1":"product","2":"type-product","3":"status-publish","4":"has-post-thumbnail","6":"product_cat-magyarorszag","7":"product_cat-romania","8":"product_tag-1944-45","9":"product_tag-2nd-auction-hu","10":"product_tag-belyeg","11":"product_tag-tevnyomat","13":"first","14":"instock","15":"sold-individually","16":"shipping-taxable","17":"product-type-simple"},"_links":{"self":[{"href":"https:\/\/stampcurio.com\/hu\/wp-json\/wp\/v2\/product\/15385","targetHints":{"allow":["GET"]}}],"collection":[{"href":"https:\/\/stampcurio.com\/hu\/wp-json\/wp\/v2\/product"}],"about":[{"href":"https:\/\/stampcurio.com\/hu\/wp-json\/wp\/v2\/types\/product"}],"wp:featuredmedia":[{"embeddable":true,"href":"https:\/\/stampcurio.com\/hu\/wp-json\/wp\/v2\/media\/18696"}],"wp:attachment":[{"href":"https:\/\/stampcurio.com\/hu\/wp-json\/wp\/v2\/media?parent=15385"}],"wp:term":[{"taxonomy":"product_brand","embeddable":true,"href":"https:\/\/stampcurio.com\/hu\/wp-json\/wp\/v2\/product_brand?post=15385"},{"taxonomy":"product_cat","embeddable":true,"href":"https:\/\/stampcurio.com\/hu\/wp-json\/wp\/v2\/product_cat?post=15385"},{"taxonomy":"product_tag","embeddable":true,"href":"https:\/\/stampcurio.com\/hu\/wp-json\/wp\/v2\/product_tag?post=15385"}],"curies":[{"name":"wp","href":"https:\/\/api.w.org\/{rel}","templated":true}]}}