{"id":15383,"date":"2024-11-29T18:30:53","date_gmt":"2024-11-29T17:30:53","guid":{"rendered":"https:\/\/stampcurio.com\/product\/1945-naszod-2-pengo-lila-gumibelyegzovel-official-romanul\/"},"modified":"2025-12-05T04:06:59","modified_gmt":"2025-12-05T03:06:59","slug":"1945-naszod-romania-2-pengos-belyeg-lila-gumibelyegzos-officel-belyegzessel-pruf-bodor","status":"publish","type":"product","link":"https:\/\/stampcurio.com\/hu\/termek\/1945-naszod-romania-2-pengos-belyeg-lila-gumibelyegzos-officel-belyegzessel-pruf-bodor\/","title":{"rendered":"1945 Nasz\u00f3d \/ Rom\u00e1nia &#8211; 2 peng\u0151s b\u00e9lyeg lila gumib\u00e9lyegz\u0151s \u201eofficel\u201d b\u00e9lyegz\u00e9ssel \/ Pr\u00fcf: Bodor"},"content":{"rendered":"","protected":false},"excerpt":{"rendered":"","protected":false},"featured_media":18728,"template":"","meta":[],"product_brand":[],"product_cat":[1172,1208],"product_tag":[279,1664,116,1041,282],"class_list":{"0":"post-15383","1":"product","2":"type-product","3":"status-publish","4":"has-post-thumbnail","6":"product_cat-magyarorszag","7":"product_cat-romania","8":"product_tag-1944-45","9":"product_tag-2nd-auction-hu","10":"product_tag-belyeg","11":"product_tag-marcophily-hu","12":"product_tag-okmanybelyeg","14":"first","15":"instock","16":"sold-individually","17":"shipping-taxable","18":"product-type-simple"},"_links":{"self":[{"href":"https:\/\/stampcurio.com\/hu\/wp-json\/wp\/v2\/product\/15383","targetHints":{"allow":["GET"]}}],"collection":[{"href":"https:\/\/stampcurio.com\/hu\/wp-json\/wp\/v2\/product"}],"about":[{"href":"https:\/\/stampcurio.com\/hu\/wp-json\/wp\/v2\/types\/product"}],"wp:featuredmedia":[{"embeddable":true,"href":"https:\/\/stampcurio.com\/hu\/wp-json\/wp\/v2\/media\/18728"}],"wp:attachment":[{"href":"https:\/\/stampcurio.com\/hu\/wp-json\/wp\/v2\/media?parent=15383"}],"wp:term":[{"taxonomy":"product_brand","embeddable":true,"href":"https:\/\/stampcurio.com\/hu\/wp-json\/wp\/v2\/product_brand?post=15383"},{"taxonomy":"product_cat","embeddable":true,"href":"https:\/\/stampcurio.com\/hu\/wp-json\/wp\/v2\/product_cat?post=15383"},{"taxonomy":"product_tag","embeddable":true,"href":"https:\/\/stampcurio.com\/hu\/wp-json\/wp\/v2\/product_tag?post=15383"}],"curies":[{"name":"wp","href":"https:\/\/api.w.org\/{rel}","templated":true}]}}