{"id":15380,"date":"2024-11-29T18:30:52","date_gmt":"2024-11-29T17:30:52","guid":{"rendered":"https:\/\/stampcurio.com\/product\/1873-tertiveveny-vasarhelyen-feladott-level-tertivevenye-velejtere-kuldott-szlovak-magyar-postal-history\/"},"modified":"2025-12-05T04:07:00","modified_gmt":"2025-12-05T03:07:00","slug":"1873-magyarorszag-vasarhelyrol-velejtere-feladott-level-tertivevenye-a-tertiveveny-hatoldalan-felbeszakadt-5-krajcaros-melynek-masik-fele-a-levelen-maradt-szep-vasarhely-zempleny-m-es-kek-vel","status":"publish","type":"product","link":"https:\/\/stampcurio.com\/hu\/termek\/1873-magyarorszag-vasarhelyrol-velejtere-feladott-level-tertivevenye-a-tertiveveny-hatoldalan-felbeszakadt-5-krajcaros-melynek-masik-fele-a-levelen-maradt-szep-vasarhely-zempleny-m-es-kek-vel\/","title":{"rendered":"1873 Magyarorsz\u00e1g &#8211; V\u00e1s\u00e1rhelyr\u0151l Velejt\u00e9re feladott lev\u00e9l t\u00e9rtivev\u00e9nye &#8211; A t\u00e9rtivev\u00e9ny h\u00e1toldal\u00e1n f\u00e9lbeszakadt 5 krajc\u00e1ros, melynek m\u00e1sik fele a lev\u00e9len maradt. Sz\u00e9p V\u00c1S\u00c1RHELY \/ ZEMPL\u00c9NY m. \u00e9s k\u00e9k VELEJTE b\u00e9lyegz\u00e9ssel | Gudlin: 300 + 800 pont"},"content":{"rendered":"","protected":false},"excerpt":{"rendered":"","protected":false},"featured_media":17993,"template":"","meta":[],"product_brand":[],"product_cat":[1172,1189],"product_tag":[1664,1041,89,1631],"class_list":{"0":"post-15380","1":"product","2":"type-product","3":"status-publish","4":"has-post-thumbnail","6":"product_cat-magyarorszag","7":"product_cat-szlovakia","8":"product_tag-2nd-auction-hu","9":"product_tag-marcophily-hu","10":"product_tag-postatortenet","11":"product_tag-pre-upu","13":"first","14":"instock","15":"sold-individually","16":"shipping-taxable","17":"product-type-simple"},"_links":{"self":[{"href":"https:\/\/stampcurio.com\/hu\/wp-json\/wp\/v2\/product\/15380","targetHints":{"allow":["GET"]}}],"collection":[{"href":"https:\/\/stampcurio.com\/hu\/wp-json\/wp\/v2\/product"}],"about":[{"href":"https:\/\/stampcurio.com\/hu\/wp-json\/wp\/v2\/types\/product"}],"wp:featuredmedia":[{"embeddable":true,"href":"https:\/\/stampcurio.com\/hu\/wp-json\/wp\/v2\/media\/17993"}],"wp:attachment":[{"href":"https:\/\/stampcurio.com\/hu\/wp-json\/wp\/v2\/media?parent=15380"}],"wp:term":[{"taxonomy":"product_brand","embeddable":true,"href":"https:\/\/stampcurio.com\/hu\/wp-json\/wp\/v2\/product_brand?post=15380"},{"taxonomy":"product_cat","embeddable":true,"href":"https:\/\/stampcurio.com\/hu\/wp-json\/wp\/v2\/product_cat?post=15380"},{"taxonomy":"product_tag","embeddable":true,"href":"https:\/\/stampcurio.com\/hu\/wp-json\/wp\/v2\/product_tag?post=15380"}],"curies":[{"name":"wp","href":"https:\/\/api.w.org\/{rel}","templated":true}]}}