{"id":15379,"date":"2024-11-29T18:30:52","date_gmt":"2024-11-29T17:30:52","guid":{"rendered":"https:\/\/stampcurio.com\/product\/1919-tanacskoztarsasag-rampacher-essay-martinovics-lilasszurke-egyszinut-a-ritka-egyszinnyomassal-keszult-essay-10-peldanyban-vizjeles-papiron\/"},"modified":"2025-12-05T04:07:00","modified_gmt":"2025-12-05T03:07:00","slug":"1919-magyarorszag-tanacskoztarsasag-rampacher-essay-martinovics-a-ritka-egyszinnyomasu-essze-vizjeles-papiron-mely-csak-10-peldanyban-keszult","status":"publish","type":"product","link":"https:\/\/stampcurio.com\/hu\/termek\/1919-magyarorszag-tanacskoztarsasag-rampacher-essay-martinovics-a-ritka-egyszinnyomasu-essze-vizjeles-papiron-mely-csak-10-peldanyban-keszult\/","title":{"rendered":"1919 Magyarorsz\u00e1g \/ Tan\u00e1csk\u00f6zt\u00e1rsas\u00e1g &#8211; Rampacher Essay &#8211; Martinovics &#8211; a ritka egysz\u00ednnyom\u00e1s\u00fa essz\u00e9 v\u00edzjeles pap\u00edron mely csak 10 p\u00e9ld\u00e1nyban k\u00e9sz\u00fclt"},"content":{"rendered":"","protected":false},"excerpt":{"rendered":"","protected":false},"featured_media":18173,"template":"","meta":[],"product_brand":[],"product_cat":[1172],"product_tag":[1664,116,1377,176,390],"class_list":{"0":"post-15379","1":"product","2":"type-product","3":"status-publish","4":"has-post-thumbnail","6":"product_cat-magyarorszag","7":"product_tag-2nd-auction-hu","8":"product_tag-belyeg","9":"product_tag-belyegterv","10":"product_tag-philagem","11":"product_tag-probanyomat","13":"first","14":"instock","15":"sold-individually","16":"shipping-taxable","17":"product-type-simple"},"_links":{"self":[{"href":"https:\/\/stampcurio.com\/hu\/wp-json\/wp\/v2\/product\/15379","targetHints":{"allow":["GET"]}}],"collection":[{"href":"https:\/\/stampcurio.com\/hu\/wp-json\/wp\/v2\/product"}],"about":[{"href":"https:\/\/stampcurio.com\/hu\/wp-json\/wp\/v2\/types\/product"}],"wp:featuredmedia":[{"embeddable":true,"href":"https:\/\/stampcurio.com\/hu\/wp-json\/wp\/v2\/media\/18173"}],"wp:attachment":[{"href":"https:\/\/stampcurio.com\/hu\/wp-json\/wp\/v2\/media?parent=15379"}],"wp:term":[{"taxonomy":"product_brand","embeddable":true,"href":"https:\/\/stampcurio.com\/hu\/wp-json\/wp\/v2\/product_brand?post=15379"},{"taxonomy":"product_cat","embeddable":true,"href":"https:\/\/stampcurio.com\/hu\/wp-json\/wp\/v2\/product_cat?post=15379"},{"taxonomy":"product_tag","embeddable":true,"href":"https:\/\/stampcurio.com\/hu\/wp-json\/wp\/v2\/product_tag?post=15379"}],"curies":[{"name":"wp","href":"https:\/\/api.w.org\/{rel}","templated":true}]}}