{"id":15376,"date":"2024-11-29T18:30:51","date_gmt":"2024-11-29T17:30:51","guid":{"rendered":"https:\/\/stampcurio.com\/product\/litvania-3-dijjegyes-lap-magyarorszagra-kuldve-1925-1932-1929\/"},"modified":"2025-12-05T04:07:01","modified_gmt":"2025-12-05T03:07:01","slug":"1925-1929-1932-litvania-harom-dijkiegeszitett-dijjegyes-lap-magyarorszagra-kuldve","status":"publish","type":"product","link":"https:\/\/stampcurio.com\/hu\/termek\/1925-1929-1932-litvania-harom-dijkiegeszitett-dijjegyes-lap-magyarorszagra-kuldve\/","title":{"rendered":"1925 &#8211; 1929 &#8211; 1932 Litv\u00e1nia &#8211; h\u00e1rom d\u00edjkieg\u00e9sz\u00edtett d\u00edjjegyes lap Magyarorsz\u00e1gra k\u00fcldve"},"content":{"rendered":"","protected":false},"excerpt":{"rendered":"","protected":false},"featured_media":18330,"template":"","meta":[],"product_brand":[],"product_cat":[1272,1172],"product_tag":[1664,116,74,1041,89],"class_list":{"0":"post-15376","1":"product","2":"type-product","3":"status-publish","4":"has-post-thumbnail","6":"product_cat-litvania","7":"product_cat-magyarorszag","8":"product_tag-2nd-auction-hu","9":"product_tag-belyeg","10":"product_tag-dijjegyes","11":"product_tag-marcophily-hu","12":"product_tag-postatortenet","14":"first","15":"instock","16":"sold-individually","17":"shipping-taxable","18":"product-type-simple"},"_links":{"self":[{"href":"https:\/\/stampcurio.com\/hu\/wp-json\/wp\/v2\/product\/15376","targetHints":{"allow":["GET"]}}],"collection":[{"href":"https:\/\/stampcurio.com\/hu\/wp-json\/wp\/v2\/product"}],"about":[{"href":"https:\/\/stampcurio.com\/hu\/wp-json\/wp\/v2\/types\/product"}],"wp:featuredmedia":[{"embeddable":true,"href":"https:\/\/stampcurio.com\/hu\/wp-json\/wp\/v2\/media\/18330"}],"wp:attachment":[{"href":"https:\/\/stampcurio.com\/hu\/wp-json\/wp\/v2\/media?parent=15376"}],"wp:term":[{"taxonomy":"product_brand","embeddable":true,"href":"https:\/\/stampcurio.com\/hu\/wp-json\/wp\/v2\/product_brand?post=15376"},{"taxonomy":"product_cat","embeddable":true,"href":"https:\/\/stampcurio.com\/hu\/wp-json\/wp\/v2\/product_cat?post=15376"},{"taxonomy":"product_tag","embeddable":true,"href":"https:\/\/stampcurio.com\/hu\/wp-json\/wp\/v2\/product_tag?post=15376"}],"curies":[{"name":"wp","href":"https:\/\/api.w.org\/{rel}","templated":true}]}}