{"id":15375,"date":"2024-11-29T18:30:51","date_gmt":"2024-11-29T17:30:51","guid":{"rendered":"https:\/\/stampcurio.com\/product\/1922-kepeslap-esztorszagbol-tcv-tallin-budapest-ritka-relacio\/"},"modified":"2025-12-05T04:07:00","modified_gmt":"2025-12-05T03:07:00","slug":"1922-esztorszag-tcv-kepeslap-tallinbol-magyarorszagra-kuldve-ritka-relacio","status":"publish","type":"product","link":"https:\/\/stampcurio.com\/hu\/termek\/1922-esztorszag-tcv-kepeslap-tallinbol-magyarorszagra-kuldve-ritka-relacio\/","title":{"rendered":"1922 \u00c9sztorsz\u00e1g &#8211; TCV k\u00e9peslap Tallinb\u00f3l Magyarorsz\u00e1gra k\u00fcldve &#8211; ritka rel\u00e1ci\u00f3!"},"content":{"rendered":"","protected":false},"excerpt":{"rendered":"","protected":false},"featured_media":18272,"template":"","meta":[],"product_brand":[],"product_cat":[1271,1172],"product_tag":[1664,97,89,1299],"class_list":{"0":"post-15375","1":"product","2":"type-product","3":"status-publish","4":"has-post-thumbnail","6":"product_cat-esztorszag","7":"product_cat-magyarorszag","8":"product_tag-2nd-auction-hu","9":"product_tag-kepeslap","10":"product_tag-postatortenet","11":"product_tag-tcv","13":"first","14":"instock","15":"sold-individually","16":"shipping-taxable","17":"product-type-simple"},"_links":{"self":[{"href":"https:\/\/stampcurio.com\/hu\/wp-json\/wp\/v2\/product\/15375","targetHints":{"allow":["GET"]}}],"collection":[{"href":"https:\/\/stampcurio.com\/hu\/wp-json\/wp\/v2\/product"}],"about":[{"href":"https:\/\/stampcurio.com\/hu\/wp-json\/wp\/v2\/types\/product"}],"wp:featuredmedia":[{"embeddable":true,"href":"https:\/\/stampcurio.com\/hu\/wp-json\/wp\/v2\/media\/18272"}],"wp:attachment":[{"href":"https:\/\/stampcurio.com\/hu\/wp-json\/wp\/v2\/media?parent=15375"}],"wp:term":[{"taxonomy":"product_brand","embeddable":true,"href":"https:\/\/stampcurio.com\/hu\/wp-json\/wp\/v2\/product_brand?post=15375"},{"taxonomy":"product_cat","embeddable":true,"href":"https:\/\/stampcurio.com\/hu\/wp-json\/wp\/v2\/product_cat?post=15375"},{"taxonomy":"product_tag","embeddable":true,"href":"https:\/\/stampcurio.com\/hu\/wp-json\/wp\/v2\/product_tag?post=15375"}],"curies":[{"name":"wp","href":"https:\/\/api.w.org\/{rel}","templated":true}]}}