{"id":15374,"date":"2024-11-29T18:30:50","date_gmt":"2024-11-29T17:30:50","guid":{"rendered":"https:\/\/stampcurio.com\/product\/1908-ausland-creta-10-centimes-levelezolapon-budapestre-de-smyrnaban-feladva-torok\/"},"modified":"2025-12-05T04:07:02","modified_gmt":"2025-12-05T03:07:02","slug":"1908-ausztria-levante-kreta-10-centimes-belyeg-smyrnaban-feladott-levelezolapon-magyarorszagra-kuldve","status":"publish","type":"product","link":"https:\/\/stampcurio.com\/hu\/termek\/1908-ausztria-levante-kreta-10-centimes-belyeg-smyrnaban-feladott-levelezolapon-magyarorszagra-kuldve\/","title":{"rendered":"1908 Ausztria Levante \/ Kr\u00e9ta &#8211; 10 centimes b\u00e9lyeg Smyrn\u00e1ban feladott levelez\u0151lapon Magyarorsz\u00e1gra k\u00fcldve"},"content":{"rendered":"","protected":false},"excerpt":{"rendered":"","protected":false},"featured_media":18304,"template":"","meta":[],"product_brand":[],"product_cat":[1178,1172,1188],"product_tag":[1664,116,97,1041,89],"class_list":{"0":"post-15374","1":"product","2":"type-product","3":"status-publish","4":"has-post-thumbnail","6":"product_cat-ausztria","7":"product_cat-magyarorszag","8":"product_cat-torokorszag","9":"product_tag-2nd-auction-hu","10":"product_tag-belyeg","11":"product_tag-kepeslap","12":"product_tag-marcophily-hu","13":"product_tag-postatortenet","15":"first","16":"instock","17":"sold-individually","18":"shipping-taxable","19":"product-type-simple"},"_links":{"self":[{"href":"https:\/\/stampcurio.com\/hu\/wp-json\/wp\/v2\/product\/15374","targetHints":{"allow":["GET"]}}],"collection":[{"href":"https:\/\/stampcurio.com\/hu\/wp-json\/wp\/v2\/product"}],"about":[{"href":"https:\/\/stampcurio.com\/hu\/wp-json\/wp\/v2\/types\/product"}],"wp:featuredmedia":[{"embeddable":true,"href":"https:\/\/stampcurio.com\/hu\/wp-json\/wp\/v2\/media\/18304"}],"wp:attachment":[{"href":"https:\/\/stampcurio.com\/hu\/wp-json\/wp\/v2\/media?parent=15374"}],"wp:term":[{"taxonomy":"product_brand","embeddable":true,"href":"https:\/\/stampcurio.com\/hu\/wp-json\/wp\/v2\/product_brand?post=15374"},{"taxonomy":"product_cat","embeddable":true,"href":"https:\/\/stampcurio.com\/hu\/wp-json\/wp\/v2\/product_cat?post=15374"},{"taxonomy":"product_tag","embeddable":true,"href":"https:\/\/stampcurio.com\/hu\/wp-json\/wp\/v2\/product_tag?post=15374"}],"curies":[{"name":"wp","href":"https:\/\/api.w.org\/{rel}","templated":true}]}}