{"id":15373,"date":"2024-11-29T18:30:50","date_gmt":"2024-11-29T17:30:50","guid":{"rendered":"https:\/\/stampcurio.com\/product\/1960-the-15th-anniversary-of-hungarian-liberation-belyegeivel-bermentesitett-komplett-level-wuhan-budapest-covidfree-d-illusztralt-level\/"},"modified":"2025-12-05T04:07:02","modified_gmt":"2025-12-05T03:07:02","slug":"1960-kina-a-magyar-felszabadulas-emlekere-kiadott-belyegekkel-bermentesitett-komplett-dekorativ-illusztralt-level-wuhanbol-magyarorszagra-kuldve-hungarika","status":"publish","type":"product","link":"https:\/\/stampcurio.com\/hu\/termek\/1960-kina-a-magyar-felszabadulas-emlekere-kiadott-belyegekkel-bermentesitett-komplett-dekorativ-illusztralt-level-wuhanbol-magyarorszagra-kuldve-hungarika\/","title":{"rendered":"1960 K\u00edna &#8211; A magyar felszabadul\u00e1s eml\u00e9k\u00e9re kiadott b\u00e9lyegekkel b\u00e9rmentes\u00edtett komplett, dekorat\u00edv illusztr\u00e1lt lev\u00e9l &#8211; Wuhanb\u00f3l Magyarorsz\u00e1gra k\u00fcldve &#8211; Hungarika"},"content":{"rendered":"","protected":false},"excerpt":{"rendered":"","protected":false},"featured_media":18310,"template":"","meta":[],"product_brand":[],"product_cat":[1247,1172],"product_tag":[1664,116,89],"class_list":{"0":"post-15373","1":"product","2":"type-product","3":"status-publish","4":"has-post-thumbnail","6":"product_cat-kina","7":"product_cat-magyarorszag","8":"product_tag-2nd-auction-hu","9":"product_tag-belyeg","10":"product_tag-postatortenet","12":"first","13":"instock","14":"sold-individually","15":"shipping-taxable","16":"product-type-simple"},"_links":{"self":[{"href":"https:\/\/stampcurio.com\/hu\/wp-json\/wp\/v2\/product\/15373","targetHints":{"allow":["GET"]}}],"collection":[{"href":"https:\/\/stampcurio.com\/hu\/wp-json\/wp\/v2\/product"}],"about":[{"href":"https:\/\/stampcurio.com\/hu\/wp-json\/wp\/v2\/types\/product"}],"wp:featuredmedia":[{"embeddable":true,"href":"https:\/\/stampcurio.com\/hu\/wp-json\/wp\/v2\/media\/18310"}],"wp:attachment":[{"href":"https:\/\/stampcurio.com\/hu\/wp-json\/wp\/v2\/media?parent=15373"}],"wp:term":[{"taxonomy":"product_brand","embeddable":true,"href":"https:\/\/stampcurio.com\/hu\/wp-json\/wp\/v2\/product_brand?post=15373"},{"taxonomy":"product_cat","embeddable":true,"href":"https:\/\/stampcurio.com\/hu\/wp-json\/wp\/v2\/product_cat?post=15373"},{"taxonomy":"product_tag","embeddable":true,"href":"https:\/\/stampcurio.com\/hu\/wp-json\/wp\/v2\/product_tag?post=15373"}],"curies":[{"name":"wp","href":"https:\/\/api.w.org\/{rel}","templated":true}]}}