{"id":15372,"date":"2024-11-29T18:30:50","date_gmt":"2024-11-29T17:30:50","guid":{"rendered":"https:\/\/stampcurio.com\/product\/1855-teljes-ujsag-francia-1853-ujsagbelyeggel-1b-tipus-magyarorszagi-felhasznalas\/"},"modified":"2025-12-05T04:07:02","modified_gmt":"2025-12-05T03:07:02","slug":"1855-ausztria-komplett-francia-ujsag-francia-szignettaval-es-osztrak-ib-tipusu-ujsagbelyeggel-pesth-belyegzessel","status":"publish","type":"product","link":"https:\/\/stampcurio.com\/hu\/termek\/1855-ausztria-komplett-francia-ujsag-francia-szignettaval-es-osztrak-ib-tipusu-ujsagbelyeggel-pesth-belyegzessel\/","title":{"rendered":"1855 Ausztria &#8211; komplett francia \u00fajs\u00e1g, francia szignett\u00e1val \u00e9s osztr\u00e1k Ib t\u00edpus\u00fa \u00fajs\u00e1gb\u00e9lyeggel PESTH b\u00e9lyegz\u00e9ssel"},"content":{"rendered":"","protected":false},"excerpt":{"rendered":"","protected":false},"featured_media":19653,"template":"","meta":[],"product_brand":[],"product_cat":[1178,1181,1172],"product_tag":[1664,1296,1041,282,1329,1006],"class_list":{"0":"post-15372","1":"product","2":"type-product","3":"status-publish","4":"has-post-thumbnail","6":"product_cat-ausztria","7":"product_cat-franciaorszag","8":"product_cat-magyarorszag","9":"product_tag-2nd-auction-hu","10":"product_tag-hirlapbelyeg","11":"product_tag-marcophily-hu","12":"product_tag-okmanybelyeg","13":"product_tag-szignetta","14":"product_tag-unsold","16":"first","17":"instock","18":"sold-individually","19":"shipping-taxable","20":"product-type-simple"},"_links":{"self":[{"href":"https:\/\/stampcurio.com\/hu\/wp-json\/wp\/v2\/product\/15372","targetHints":{"allow":["GET"]}}],"collection":[{"href":"https:\/\/stampcurio.com\/hu\/wp-json\/wp\/v2\/product"}],"about":[{"href":"https:\/\/stampcurio.com\/hu\/wp-json\/wp\/v2\/types\/product"}],"wp:featuredmedia":[{"embeddable":true,"href":"https:\/\/stampcurio.com\/hu\/wp-json\/wp\/v2\/media\/19653"}],"wp:attachment":[{"href":"https:\/\/stampcurio.com\/hu\/wp-json\/wp\/v2\/media?parent=15372"}],"wp:term":[{"taxonomy":"product_brand","embeddable":true,"href":"https:\/\/stampcurio.com\/hu\/wp-json\/wp\/v2\/product_brand?post=15372"},{"taxonomy":"product_cat","embeddable":true,"href":"https:\/\/stampcurio.com\/hu\/wp-json\/wp\/v2\/product_cat?post=15372"},{"taxonomy":"product_tag","embeddable":true,"href":"https:\/\/stampcurio.com\/hu\/wp-json\/wp\/v2\/product_tag?post=15372"}],"curies":[{"name":"wp","href":"https:\/\/api.w.org\/{rel}","templated":true}]}}