{"id":15371,"date":"2024-11-29T18:30:49","date_gmt":"2024-11-29T17:30:49","guid":{"rendered":"https:\/\/stampcurio.com\/product\/1867-dusseldorf-preussen-budapest-ujrafelhasznalt-belyeg-csalard-bermentesites-3-silber-grosni\/"},"modified":"2025-12-05T04:07:03","modified_gmt":"2025-12-05T03:07:03","slug":"1867-poroszorszag-magyarorszagra-kuldott-levelen-ujrafelhasznalt-3-sg-belyeg-csalard-bermentesites","status":"publish","type":"product","link":"https:\/\/stampcurio.com\/hu\/termek\/1867-poroszorszag-magyarorszagra-kuldott-levelen-ujrafelhasznalt-3-sg-belyeg-csalard-bermentesites\/","title":{"rendered":"1867 Poroszorsz\u00e1g &#8211; Magyarorsz\u00e1gra k\u00fcld\u00f6tt lev\u00e9len \u00fajrafelhaszn\u00e1lt 3 sg b\u00e9lyeg, csal\u00e1rd b\u00e9rmentes\u00edt\u00e9s"},"content":{"rendered":"","protected":false},"excerpt":{"rendered":"","protected":false},"featured_media":18354,"template":"","meta":[],"product_brand":[],"product_cat":[1172,1175],"product_tag":[1664,116,452,1041,89,1631],"class_list":{"0":"post-15371","1":"product","2":"type-product","3":"status-publish","4":"has-post-thumbnail","6":"product_cat-magyarorszag","7":"product_cat-nemetorszag","8":"product_tag-2nd-auction-hu","9":"product_tag-belyeg","10":"product_tag-csalard-bermentesites","11":"product_tag-marcophily-hu","12":"product_tag-postatortenet","13":"product_tag-pre-upu","15":"first","16":"instock","17":"sold-individually","18":"shipping-taxable","19":"product-type-simple"},"_links":{"self":[{"href":"https:\/\/stampcurio.com\/hu\/wp-json\/wp\/v2\/product\/15371","targetHints":{"allow":["GET"]}}],"collection":[{"href":"https:\/\/stampcurio.com\/hu\/wp-json\/wp\/v2\/product"}],"about":[{"href":"https:\/\/stampcurio.com\/hu\/wp-json\/wp\/v2\/types\/product"}],"wp:featuredmedia":[{"embeddable":true,"href":"https:\/\/stampcurio.com\/hu\/wp-json\/wp\/v2\/media\/18354"}],"wp:attachment":[{"href":"https:\/\/stampcurio.com\/hu\/wp-json\/wp\/v2\/media?parent=15371"}],"wp:term":[{"taxonomy":"product_brand","embeddable":true,"href":"https:\/\/stampcurio.com\/hu\/wp-json\/wp\/v2\/product_brand?post=15371"},{"taxonomy":"product_cat","embeddable":true,"href":"https:\/\/stampcurio.com\/hu\/wp-json\/wp\/v2\/product_cat?post=15371"},{"taxonomy":"product_tag","embeddable":true,"href":"https:\/\/stampcurio.com\/hu\/wp-json\/wp\/v2\/product_tag?post=15371"}],"curies":[{"name":"wp","href":"https:\/\/api.w.org\/{rel}","templated":true}]}}