{"id":15370,"date":"2024-11-29T18:30:49","date_gmt":"2024-11-29T17:30:49","guid":{"rendered":"https:\/\/stampcurio.com\/product\/1950s-izland-budapest-kepeslap-ritka-relacio\/"},"modified":"2025-12-05T04:07:03","modified_gmt":"2025-12-05T03:07:03","slug":"1957-izland-budapestre-kuldott-kepeslap-birkozo-belyegekkel-bermentesitve-ritka-postai-relacio","status":"publish","type":"product","link":"https:\/\/stampcurio.com\/hu\/termek\/1957-izland-budapestre-kuldott-kepeslap-birkozo-belyegekkel-bermentesitve-ritka-postai-relacio\/","title":{"rendered":"1957 Izland &#8211; Budapestre k\u00fcld\u00f6tt k\u00e9peslap birk\u00f3z\u00f3 b\u00e9lyegekkel b\u00e9rmentes\u00edtve &#8211; ritka postai rel\u00e1ci\u00f3"},"content":{"rendered":"","protected":false},"excerpt":{"rendered":"","protected":false},"featured_media":18370,"template":"","meta":[],"product_brand":[],"product_cat":[1270,1172],"product_tag":[1664,116,97,89,264],"class_list":{"0":"post-15370","1":"product","2":"type-product","3":"status-publish","4":"has-post-thumbnail","6":"product_cat-izland","7":"product_cat-magyarorszag","8":"product_tag-2nd-auction-hu","9":"product_tag-belyeg","10":"product_tag-kepeslap","11":"product_tag-postatortenet","12":"product_tag-sport","14":"first","15":"instock","16":"sold-individually","17":"shipping-taxable","18":"product-type-simple"},"_links":{"self":[{"href":"https:\/\/stampcurio.com\/hu\/wp-json\/wp\/v2\/product\/15370","targetHints":{"allow":["GET"]}}],"collection":[{"href":"https:\/\/stampcurio.com\/hu\/wp-json\/wp\/v2\/product"}],"about":[{"href":"https:\/\/stampcurio.com\/hu\/wp-json\/wp\/v2\/types\/product"}],"wp:featuredmedia":[{"embeddable":true,"href":"https:\/\/stampcurio.com\/hu\/wp-json\/wp\/v2\/media\/18370"}],"wp:attachment":[{"href":"https:\/\/stampcurio.com\/hu\/wp-json\/wp\/v2\/media?parent=15370"}],"wp:term":[{"taxonomy":"product_brand","embeddable":true,"href":"https:\/\/stampcurio.com\/hu\/wp-json\/wp\/v2\/product_brand?post=15370"},{"taxonomy":"product_cat","embeddable":true,"href":"https:\/\/stampcurio.com\/hu\/wp-json\/wp\/v2\/product_cat?post=15370"},{"taxonomy":"product_tag","embeddable":true,"href":"https:\/\/stampcurio.com\/hu\/wp-json\/wp\/v2\/product_tag?post=15370"}],"curies":[{"name":"wp","href":"https:\/\/api.w.org\/{rel}","templated":true}]}}