{"id":15369,"date":"2024-11-29T18:30:47","date_gmt":"2024-11-29T17:30:47","guid":{"rendered":"https:\/\/stampcurio.com\/product\/1950s-harom-legiposta-boritek-iran-magyarorszag-ritka-relacio\/"},"modified":"2025-12-05T04:07:04","modified_gmt":"2025-12-05T03:07:04","slug":"1950-iran-ket-legiposta-boritek-magyarorszagra-kuldve-ritka-postai-relacio","status":"publish","type":"product","link":"https:\/\/stampcurio.com\/hu\/termek\/1950-iran-ket-legiposta-boritek-magyarorszagra-kuldve-ritka-postai-relacio\/","title":{"rendered":"1950 Ir\u00e1n &#8211; k\u00e9t l\u00e9giposta bor\u00edt\u00e9k Magyarorsz\u00e1gra k\u00fcldve &#8211; ritka postai rel\u00e1ci\u00f3"},"content":{"rendered":"","protected":false},"excerpt":{"rendered":"","protected":false},"featured_media":18394,"template":"","meta":[],"product_brand":[],"product_cat":[1193,1172],"product_tag":[1664,116,115,1041,89],"class_list":{"0":"post-15369","1":"product","2":"type-product","3":"status-publish","4":"has-post-thumbnail","6":"product_cat-iran","7":"product_cat-magyarorszag","8":"product_tag-2nd-auction-hu","9":"product_tag-belyeg","10":"product_tag-legiposta","11":"product_tag-marcophily-hu","12":"product_tag-postatortenet","14":"first","15":"instock","16":"sold-individually","17":"shipping-taxable","18":"product-type-simple"},"_links":{"self":[{"href":"https:\/\/stampcurio.com\/hu\/wp-json\/wp\/v2\/product\/15369","targetHints":{"allow":["GET"]}}],"collection":[{"href":"https:\/\/stampcurio.com\/hu\/wp-json\/wp\/v2\/product"}],"about":[{"href":"https:\/\/stampcurio.com\/hu\/wp-json\/wp\/v2\/types\/product"}],"wp:featuredmedia":[{"embeddable":true,"href":"https:\/\/stampcurio.com\/hu\/wp-json\/wp\/v2\/media\/18394"}],"wp:attachment":[{"href":"https:\/\/stampcurio.com\/hu\/wp-json\/wp\/v2\/media?parent=15369"}],"wp:term":[{"taxonomy":"product_brand","embeddable":true,"href":"https:\/\/stampcurio.com\/hu\/wp-json\/wp\/v2\/product_brand?post=15369"},{"taxonomy":"product_cat","embeddable":true,"href":"https:\/\/stampcurio.com\/hu\/wp-json\/wp\/v2\/product_cat?post=15369"},{"taxonomy":"product_tag","embeddable":true,"href":"https:\/\/stampcurio.com\/hu\/wp-json\/wp\/v2\/product_tag?post=15369"}],"curies":[{"name":"wp","href":"https:\/\/api.w.org\/{rel}","templated":true}]}}