{"id":15368,"date":"2024-11-29T18:30:47","date_gmt":"2024-11-29T17:30:47","guid":{"rendered":"https:\/\/stampcurio.com\/product\/1938-eritrea-budapest-legiposta-levelezolap-ritka-relacio\/"},"modified":"2025-12-05T04:07:03","modified_gmt":"2025-12-05T03:07:03","slug":"1938-olaszorszag-eritrea-budapest-legiposta-levelezolap-ritka-postai-relacio","status":"publish","type":"product","link":"https:\/\/stampcurio.com\/hu\/termek\/1938-olaszorszag-eritrea-budapest-legiposta-levelezolap-ritka-postai-relacio\/","title":{"rendered":"1938 Olaszorsz\u00e1g \/ Eritrea &#8211; Budapest l\u00e9giposta levelez\u0151lap &#8211; ritka postai rel\u00e1ci\u00f3"},"content":{"rendered":"","protected":false},"excerpt":{"rendered":"","protected":false},"featured_media":18387,"template":"","meta":[],"product_brand":[],"product_cat":[1182,1172,1183],"product_tag":[1664,97,115,89,1006],"class_list":{"0":"post-15368","1":"product","2":"type-product","3":"status-publish","4":"has-post-thumbnail","6":"product_cat-eritrea","7":"product_cat-magyarorszag","8":"product_cat-olaszorszag","9":"product_tag-2nd-auction-hu","10":"product_tag-kepeslap","11":"product_tag-legiposta","12":"product_tag-postatortenet","13":"product_tag-unsold","15":"first","16":"instock","17":"sold-individually","18":"shipping-taxable","19":"product-type-simple"},"_links":{"self":[{"href":"https:\/\/stampcurio.com\/hu\/wp-json\/wp\/v2\/product\/15368","targetHints":{"allow":["GET"]}}],"collection":[{"href":"https:\/\/stampcurio.com\/hu\/wp-json\/wp\/v2\/product"}],"about":[{"href":"https:\/\/stampcurio.com\/hu\/wp-json\/wp\/v2\/types\/product"}],"wp:featuredmedia":[{"embeddable":true,"href":"https:\/\/stampcurio.com\/hu\/wp-json\/wp\/v2\/media\/18387"}],"wp:attachment":[{"href":"https:\/\/stampcurio.com\/hu\/wp-json\/wp\/v2\/media?parent=15368"}],"wp:term":[{"taxonomy":"product_brand","embeddable":true,"href":"https:\/\/stampcurio.com\/hu\/wp-json\/wp\/v2\/product_brand?post=15368"},{"taxonomy":"product_cat","embeddable":true,"href":"https:\/\/stampcurio.com\/hu\/wp-json\/wp\/v2\/product_cat?post=15368"},{"taxonomy":"product_tag","embeddable":true,"href":"https:\/\/stampcurio.com\/hu\/wp-json\/wp\/v2\/product_tag?post=15368"}],"curies":[{"name":"wp","href":"https:\/\/api.w.org\/{rel}","templated":true}]}}