{"id":15367,"date":"2024-11-29T18:30:46","date_gmt":"2024-11-29T17:30:46","guid":{"rendered":"https:\/\/stampcurio.com\/product\/marokko-spanyol-gyarmat-levelezolap-magyarorszagra-ritka-relacio-katonai-cenzura-ceuta-1930s-korul\/"},"modified":"2025-12-05T04:07:05","modified_gmt":"2025-12-05T03:07:05","slug":"1930-marokko-magyarorszagra-kuldott-levelezolap-ritka-relacio-katonai-cenzuraval","status":"publish","type":"product","link":"https:\/\/stampcurio.com\/hu\/termek\/1930-marokko-magyarorszagra-kuldott-levelezolap-ritka-relacio-katonai-cenzuraval\/","title":{"rendered":"1930 Marokk\u00f3 &#8211; Magyarorsz\u00e1gra k\u00fcld\u00f6tt levelez\u0151lap ritka rel\u00e1ci\u00f3, katonai cenz\u00far\u00e1val"},"content":{"rendered":"","protected":false},"excerpt":{"rendered":"","protected":false},"featured_media":18364,"template":"","meta":[],"product_brand":[],"product_cat":[1172,1253,1196],"product_tag":[1664,116,233,97,1041,89],"class_list":{"0":"post-15367","1":"product","2":"type-product","3":"status-publish","4":"has-post-thumbnail","6":"product_cat-magyarorszag","7":"product_cat-marokko","8":"product_cat-spanyolorszag","9":"product_tag-2nd-auction-hu","10":"product_tag-belyeg","11":"product_tag-cenzura","12":"product_tag-kepeslap","13":"product_tag-marcophily-hu","14":"product_tag-postatortenet","16":"first","17":"instock","18":"sold-individually","19":"shipping-taxable","20":"product-type-simple"},"_links":{"self":[{"href":"https:\/\/stampcurio.com\/hu\/wp-json\/wp\/v2\/product\/15367","targetHints":{"allow":["GET"]}}],"collection":[{"href":"https:\/\/stampcurio.com\/hu\/wp-json\/wp\/v2\/product"}],"about":[{"href":"https:\/\/stampcurio.com\/hu\/wp-json\/wp\/v2\/types\/product"}],"wp:featuredmedia":[{"embeddable":true,"href":"https:\/\/stampcurio.com\/hu\/wp-json\/wp\/v2\/media\/18364"}],"wp:attachment":[{"href":"https:\/\/stampcurio.com\/hu\/wp-json\/wp\/v2\/media?parent=15367"}],"wp:term":[{"taxonomy":"product_brand","embeddable":true,"href":"https:\/\/stampcurio.com\/hu\/wp-json\/wp\/v2\/product_brand?post=15367"},{"taxonomy":"product_cat","embeddable":true,"href":"https:\/\/stampcurio.com\/hu\/wp-json\/wp\/v2\/product_cat?post=15367"},{"taxonomy":"product_tag","embeddable":true,"href":"https:\/\/stampcurio.com\/hu\/wp-json\/wp\/v2\/product_tag?post=15367"}],"curies":[{"name":"wp","href":"https:\/\/api.w.org\/{rel}","templated":true}]}}