{"id":15366,"date":"2024-11-29T18:30:46","date_gmt":"2024-11-29T17:30:46","guid":{"rendered":"https:\/\/stampcurio.com\/product\/1861-5-krajcaros-dijjegyes-boritek-roman-magyar-teruleten-hasznalva-lugos-skribesty\/"},"modified":"2025-12-05T04:07:05","modified_gmt":"2025-12-05T03:07:05","slug":"1861-ausztria-ritka-nagy-alaku-5-krajcaros-dijjegyes-boritek-lugosbol-skribesty-be-kuldve-ferchenbauer-500-eur","status":"publish","type":"product","link":"https:\/\/stampcurio.com\/hu\/termek\/1861-ausztria-ritka-nagy-alaku-5-krajcaros-dijjegyes-boritek-lugosbol-skribesty-be-kuldve-ferchenbauer-500-eur\/","title":{"rendered":"1861 Ausztria &#8211; ritka, nagy alak\u00fa (!) 5 krajc\u00e1ros d\u00edjjegyes bor\u00edt\u00e9k Lugosb\u00f3l Skribesty-be k\u00fcldve | Ferchenbauer: 500 EUR"},"content":{"rendered":"","protected":false},"excerpt":{"rendered":"","protected":false},"featured_media":18340,"template":"","meta":[],"product_brand":[],"product_cat":[1178,1172,1208],"product_tag":[1664,74,89,1631],"class_list":{"0":"post-15366","1":"product","2":"type-product","3":"status-publish","4":"has-post-thumbnail","6":"product_cat-ausztria","7":"product_cat-magyarorszag","8":"product_cat-romania","9":"product_tag-2nd-auction-hu","10":"product_tag-dijjegyes","11":"product_tag-postatortenet","12":"product_tag-pre-upu","14":"first","15":"instock","16":"sold-individually","17":"shipping-taxable","18":"product-type-simple"},"_links":{"self":[{"href":"https:\/\/stampcurio.com\/hu\/wp-json\/wp\/v2\/product\/15366","targetHints":{"allow":["GET"]}}],"collection":[{"href":"https:\/\/stampcurio.com\/hu\/wp-json\/wp\/v2\/product"}],"about":[{"href":"https:\/\/stampcurio.com\/hu\/wp-json\/wp\/v2\/types\/product"}],"wp:featuredmedia":[{"embeddable":true,"href":"https:\/\/stampcurio.com\/hu\/wp-json\/wp\/v2\/media\/18340"}],"wp:attachment":[{"href":"https:\/\/stampcurio.com\/hu\/wp-json\/wp\/v2\/media?parent=15366"}],"wp:term":[{"taxonomy":"product_brand","embeddable":true,"href":"https:\/\/stampcurio.com\/hu\/wp-json\/wp\/v2\/product_brand?post=15366"},{"taxonomy":"product_cat","embeddable":true,"href":"https:\/\/stampcurio.com\/hu\/wp-json\/wp\/v2\/product_cat?post=15366"},{"taxonomy":"product_tag","embeddable":true,"href":"https:\/\/stampcurio.com\/hu\/wp-json\/wp\/v2\/product_tag?post=15366"}],"curies":[{"name":"wp","href":"https:\/\/api.w.org\/{rel}","templated":true}]}}