{"id":15365,"date":"2024-11-29T18:30:46","date_gmt":"2024-11-29T17:30:46","guid":{"rendered":"https:\/\/stampcurio.com\/product\/1924-82-kg-ertekbiztositott-csomag-budapestre-svajcon-keresztul-franciaorszagbol-9-frank-95-bermentesitessel-slc-perfinnel\/"},"modified":"2025-12-05T04:07:04","modified_gmt":"2025-12-05T03:07:04","slug":"1924-franciaorszag-82-kg-sulyu-ertekbiztositott-csomag-szallitolevele-svajcon-keresztul-magyarorszagra-kuldve-9-95-frank-bermentesitessel-slc-perfin-belyegekkel-ritka-destinacio","status":"publish","type":"product","link":"https:\/\/stampcurio.com\/hu\/termek\/1924-franciaorszag-82-kg-sulyu-ertekbiztositott-csomag-szallitolevele-svajcon-keresztul-magyarorszagra-kuldve-9-95-frank-bermentesitessel-slc-perfin-belyegekkel-ritka-destinacio\/","title":{"rendered":"1924 Franciaorsz\u00e1g &#8211; 8,2 kg s\u00faly\u00fa \u00e9rt\u00e9kbiztos\u00edtott csomag sz\u00e1ll\u00edt\u00f3levele Sv\u00e1jcon kereszt\u00fcl Magyarorsz\u00e1gra k\u00fcldve 9.95 frank b\u00e9rmentes\u00edt\u00e9ssel SLC perfin b\u00e9lyegekkel &#8211; ritka destin\u00e1ci\u00f3"},"content":{"rendered":"","protected":false},"excerpt":{"rendered":"","protected":false},"featured_media":18346,"template":"","meta":[],"product_brand":[],"product_cat":[1181,1172,1191],"product_tag":[1664,1041,230,89,157,1006],"class_list":{"0":"post-15365","1":"product","2":"type-product","3":"status-publish","4":"has-post-thumbnail","6":"product_cat-franciaorszag","7":"product_cat-magyarorszag","8":"product_cat-svajc","9":"product_tag-2nd-auction-hu","10":"product_tag-marcophily-hu","11":"product_tag-perfin","12":"product_tag-postatortenet","13":"product_tag-szallitolevel","14":"product_tag-unsold","16":"first","17":"instock","18":"sold-individually","19":"shipping-taxable","20":"product-type-simple"},"_links":{"self":[{"href":"https:\/\/stampcurio.com\/hu\/wp-json\/wp\/v2\/product\/15365","targetHints":{"allow":["GET"]}}],"collection":[{"href":"https:\/\/stampcurio.com\/hu\/wp-json\/wp\/v2\/product"}],"about":[{"href":"https:\/\/stampcurio.com\/hu\/wp-json\/wp\/v2\/types\/product"}],"wp:featuredmedia":[{"embeddable":true,"href":"https:\/\/stampcurio.com\/hu\/wp-json\/wp\/v2\/media\/18346"}],"wp:attachment":[{"href":"https:\/\/stampcurio.com\/hu\/wp-json\/wp\/v2\/media?parent=15365"}],"wp:term":[{"taxonomy":"product_brand","embeddable":true,"href":"https:\/\/stampcurio.com\/hu\/wp-json\/wp\/v2\/product_brand?post=15365"},{"taxonomy":"product_cat","embeddable":true,"href":"https:\/\/stampcurio.com\/hu\/wp-json\/wp\/v2\/product_cat?post=15365"},{"taxonomy":"product_tag","embeddable":true,"href":"https:\/\/stampcurio.com\/hu\/wp-json\/wp\/v2\/product_tag?post=15365"}],"curies":[{"name":"wp","href":"https:\/\/api.w.org\/{rel}","templated":true}]}}