{"id":15364,"date":"2024-11-29T18:30:45","date_gmt":"2024-11-29T17:30:45","guid":{"rendered":"https:\/\/stampcurio.com\/product\/nagy-britannia-1850-4-pennivel-bermentesitett-level-londonba\/"},"modified":"2025-12-05T04:07:06","modified_gmt":"2025-12-05T03:07:06","slug":"1850-egyesult-kiralysag-4-sulyfokozatu-tavolsagi-boritek-londonba-kuldve","status":"publish","type":"product","link":"https:\/\/stampcurio.com\/hu\/termek\/1850-egyesult-kiralysag-4-sulyfokozatu-tavolsagi-boritek-londonba-kuldve\/","title":{"rendered":"1850 Egyes\u00fclt Kir\u00e1lys\u00e1g &#8211; 4. s\u00falyfokozat\u00fa t\u00e1vols\u00e1gi bor\u00edt\u00e9k Londonba k\u00fcldve"},"content":{"rendered":"","protected":false},"excerpt":{"rendered":"","protected":false},"featured_media":18090,"template":"","meta":[],"product_brand":[],"product_cat":[1186],"product_tag":[1664,116,1041,89,1631],"class_list":{"0":"post-15364","1":"product","2":"type-product","3":"status-publish","4":"has-post-thumbnail","6":"product_cat-brit-birodalom","7":"product_tag-2nd-auction-hu","8":"product_tag-belyeg","9":"product_tag-marcophily-hu","10":"product_tag-postatortenet","11":"product_tag-pre-upu","13":"first","14":"instock","15":"sold-individually","16":"shipping-taxable","17":"product-type-simple"},"_links":{"self":[{"href":"https:\/\/stampcurio.com\/hu\/wp-json\/wp\/v2\/product\/15364","targetHints":{"allow":["GET"]}}],"collection":[{"href":"https:\/\/stampcurio.com\/hu\/wp-json\/wp\/v2\/product"}],"about":[{"href":"https:\/\/stampcurio.com\/hu\/wp-json\/wp\/v2\/types\/product"}],"wp:featuredmedia":[{"embeddable":true,"href":"https:\/\/stampcurio.com\/hu\/wp-json\/wp\/v2\/media\/18090"}],"wp:attachment":[{"href":"https:\/\/stampcurio.com\/hu\/wp-json\/wp\/v2\/media?parent=15364"}],"wp:term":[{"taxonomy":"product_brand","embeddable":true,"href":"https:\/\/stampcurio.com\/hu\/wp-json\/wp\/v2\/product_brand?post=15364"},{"taxonomy":"product_cat","embeddable":true,"href":"https:\/\/stampcurio.com\/hu\/wp-json\/wp\/v2\/product_cat?post=15364"},{"taxonomy":"product_tag","embeddable":true,"href":"https:\/\/stampcurio.com\/hu\/wp-json\/wp\/v2\/product_tag?post=15364"}],"curies":[{"name":"wp","href":"https:\/\/api.w.org\/{rel}","templated":true}]}}