{"id":15361,"date":"2024-11-29T18:30:45","date_gmt":"2024-11-29T17:30:45","guid":{"rendered":"https:\/\/stampcurio.com\/product\/1915-portomentes-level-katonai-ugyben-hivatalos-muhlhausenbol-pancelvonat\/"},"modified":"2025-12-05T04:07:05","modified_gmt":"2025-12-05T03:07:05","slug":"1915-nemetorszag-tabori-posta-panzerzug-mainz-2-pancelvonat-belyegzessel","status":"publish","type":"product","link":"https:\/\/stampcurio.com\/hu\/termek\/1915-nemetorszag-tabori-posta-panzerzug-mainz-2-pancelvonat-belyegzessel\/","title":{"rendered":"1915 N\u00e9metorsz\u00e1g &#8211; t\u00e1bori posta PANZERZUG MAINZ 2. p\u00e1nc\u00e9lvonat b\u00e9lyegz\u00e9ssel"},"content":{"rendered":"","protected":false},"excerpt":{"rendered":"","protected":false},"featured_media":18121,"template":"","meta":[],"product_brand":[],"product_cat":[1175],"product_tag":[1664,89,208,1006],"class_list":{"0":"post-15361","1":"product","2":"type-product","3":"status-publish","4":"has-post-thumbnail","6":"product_cat-nemetorszag","7":"product_tag-2nd-auction-hu","8":"product_tag-postatortenet","9":"product_tag-tabori-posta","10":"product_tag-unsold","12":"first","13":"instock","14":"sold-individually","15":"shipping-taxable","16":"product-type-simple"},"_links":{"self":[{"href":"https:\/\/stampcurio.com\/hu\/wp-json\/wp\/v2\/product\/15361","targetHints":{"allow":["GET"]}}],"collection":[{"href":"https:\/\/stampcurio.com\/hu\/wp-json\/wp\/v2\/product"}],"about":[{"href":"https:\/\/stampcurio.com\/hu\/wp-json\/wp\/v2\/types\/product"}],"wp:featuredmedia":[{"embeddable":true,"href":"https:\/\/stampcurio.com\/hu\/wp-json\/wp\/v2\/media\/18121"}],"wp:attachment":[{"href":"https:\/\/stampcurio.com\/hu\/wp-json\/wp\/v2\/media?parent=15361"}],"wp:term":[{"taxonomy":"product_brand","embeddable":true,"href":"https:\/\/stampcurio.com\/hu\/wp-json\/wp\/v2\/product_brand?post=15361"},{"taxonomy":"product_cat","embeddable":true,"href":"https:\/\/stampcurio.com\/hu\/wp-json\/wp\/v2\/product_cat?post=15361"},{"taxonomy":"product_tag","embeddable":true,"href":"https:\/\/stampcurio.com\/hu\/wp-json\/wp\/v2\/product_tag?post=15361"}],"curies":[{"name":"wp","href":"https:\/\/api.w.org\/{rel}","templated":true}]}}