{"id":15360,"date":"2024-11-29T18:30:44","date_gmt":"2024-11-29T17:30:44","guid":{"rendered":"https:\/\/stampcurio.com\/product\/3-inflacios-level-nemetorszag-1922-1924\/"},"modified":"2025-12-05T04:07:07","modified_gmt":"2025-12-05T03:07:07","slug":"1922-1924-nemetorszag-harom-inflacios-level-garanciabelyegzokkel","status":"publish","type":"product","link":"https:\/\/stampcurio.com\/hu\/termek\/1922-1924-nemetorszag-harom-inflacios-level-garanciabelyegzokkel\/","title":{"rendered":"1922 &#8211; 1924 N\u00e9metorsz\u00e1g &#8211; h\u00e1rom infl\u00e1ci\u00f3s lev\u00e9l garanciab\u00e9lyegz\u0151kkel"},"content":{"rendered":"","protected":false},"excerpt":{"rendered":"","protected":false},"featured_media":18256,"template":"","meta":[],"product_brand":[],"product_cat":[1175],"product_tag":[1664,116,89,1006],"class_list":{"0":"post-15360","1":"product","2":"type-product","3":"status-publish","4":"has-post-thumbnail","6":"product_cat-nemetorszag","7":"product_tag-2nd-auction-hu","8":"product_tag-belyeg","9":"product_tag-postatortenet","10":"product_tag-unsold","12":"first","13":"instock","14":"sold-individually","15":"shipping-taxable","16":"product-type-simple"},"_links":{"self":[{"href":"https:\/\/stampcurio.com\/hu\/wp-json\/wp\/v2\/product\/15360","targetHints":{"allow":["GET"]}}],"collection":[{"href":"https:\/\/stampcurio.com\/hu\/wp-json\/wp\/v2\/product"}],"about":[{"href":"https:\/\/stampcurio.com\/hu\/wp-json\/wp\/v2\/types\/product"}],"wp:featuredmedia":[{"embeddable":true,"href":"https:\/\/stampcurio.com\/hu\/wp-json\/wp\/v2\/media\/18256"}],"wp:attachment":[{"href":"https:\/\/stampcurio.com\/hu\/wp-json\/wp\/v2\/media?parent=15360"}],"wp:term":[{"taxonomy":"product_brand","embeddable":true,"href":"https:\/\/stampcurio.com\/hu\/wp-json\/wp\/v2\/product_brand?post=15360"},{"taxonomy":"product_cat","embeddable":true,"href":"https:\/\/stampcurio.com\/hu\/wp-json\/wp\/v2\/product_cat?post=15360"},{"taxonomy":"product_tag","embeddable":true,"href":"https:\/\/stampcurio.com\/hu\/wp-json\/wp\/v2\/product_tag?post=15360"}],"curies":[{"name":"wp","href":"https:\/\/api.w.org\/{rel}","templated":true}]}}