{"id":15358,"date":"2024-11-29T18:30:44","date_gmt":"2024-11-29T17:30:44","guid":{"rendered":"https:\/\/stampcurio.com\/product\/1924-korai-legiposta-level-romania-budapest\/"},"modified":"2025-12-05T04:07:07","modified_gmt":"2025-12-05T03:07:07","slug":"1924-romania-magyarorszagra-kuldott-korai-legiposta-level","status":"publish","type":"product","link":"https:\/\/stampcurio.com\/hu\/termek\/1924-romania-magyarorszagra-kuldott-korai-legiposta-level\/","title":{"rendered":"1924 Rom\u00e1nia \u2013 Magyarorsz\u00e1gra k\u00fcld\u00f6tt korai l\u00e9giposta lev\u00e9l"},"content":{"rendered":"","protected":false},"excerpt":{"rendered":"","protected":false},"featured_media":18116,"template":"","meta":[],"product_brand":[],"product_cat":[1172,1208],"product_tag":[1664,115,89],"class_list":{"0":"post-15358","1":"product","2":"type-product","3":"status-publish","4":"has-post-thumbnail","6":"product_cat-magyarorszag","7":"product_cat-romania","8":"product_tag-2nd-auction-hu","9":"product_tag-legiposta","10":"product_tag-postatortenet","12":"first","13":"instock","14":"sold-individually","15":"shipping-taxable","16":"product-type-simple"},"_links":{"self":[{"href":"https:\/\/stampcurio.com\/hu\/wp-json\/wp\/v2\/product\/15358","targetHints":{"allow":["GET"]}}],"collection":[{"href":"https:\/\/stampcurio.com\/hu\/wp-json\/wp\/v2\/product"}],"about":[{"href":"https:\/\/stampcurio.com\/hu\/wp-json\/wp\/v2\/types\/product"}],"wp:featuredmedia":[{"embeddable":true,"href":"https:\/\/stampcurio.com\/hu\/wp-json\/wp\/v2\/media\/18116"}],"wp:attachment":[{"href":"https:\/\/stampcurio.com\/hu\/wp-json\/wp\/v2\/media?parent=15358"}],"wp:term":[{"taxonomy":"product_brand","embeddable":true,"href":"https:\/\/stampcurio.com\/hu\/wp-json\/wp\/v2\/product_brand?post=15358"},{"taxonomy":"product_cat","embeddable":true,"href":"https:\/\/stampcurio.com\/hu\/wp-json\/wp\/v2\/product_cat?post=15358"},{"taxonomy":"product_tag","embeddable":true,"href":"https:\/\/stampcurio.com\/hu\/wp-json\/wp\/v2\/product_tag?post=15358"}],"curies":[{"name":"wp","href":"https:\/\/api.w.org\/{rel}","templated":true}]}}