{"id":15357,"date":"2024-11-29T18:30:43","date_gmt":"2024-11-29T17:30:43","guid":{"rendered":"https:\/\/stampcurio.com\/product\/1937-erteklevel-kolozsvarra-torino-tranzit-romaniaba-hun-erintett\/"},"modified":"2025-12-05T04:07:09","modified_gmt":"2025-12-05T03:07:09","slug":"1937-franciaorszag-kolozsvarra-kuldott-erteklevel-olasz-jugoszlav-tranzitbelyegzokkel","status":"publish","type":"product","link":"https:\/\/stampcurio.com\/hu\/termek\/1937-franciaorszag-kolozsvarra-kuldott-erteklevel-olasz-jugoszlav-tranzitbelyegzokkel\/","title":{"rendered":"1937 Franciaorsz\u00e1g &#8211; Kolozsv\u00e1rra k\u00fcld\u00f6tt \u00e9rt\u00e9klev\u00e9l olasz, jugoszl\u00e1v tranzitb\u00e9lyegz\u0151kkel"},"content":{"rendered":"","protected":false},"excerpt":{"rendered":"","protected":false},"featured_media":18084,"template":"","meta":[],"product_brand":[],"product_cat":[1222,1181,1192,1183,1208,1245,1236],"product_tag":[1664,1041,89],"class_list":{"0":"post-15357","1":"product","2":"type-product","3":"status-publish","4":"has-post-thumbnail","6":"product_cat-bosznia-hercegovina","7":"product_cat-franciaorszag","8":"product_cat-horvatorszag","9":"product_cat-olaszorszag","10":"product_cat-romania","11":"product_cat-szerbia","12":"product_cat-szlovenia","13":"product_tag-2nd-auction-hu","14":"product_tag-marcophily-hu","15":"product_tag-postatortenet","17":"first","18":"instock","19":"sold-individually","20":"shipping-taxable","21":"product-type-simple"},"_links":{"self":[{"href":"https:\/\/stampcurio.com\/hu\/wp-json\/wp\/v2\/product\/15357","targetHints":{"allow":["GET"]}}],"collection":[{"href":"https:\/\/stampcurio.com\/hu\/wp-json\/wp\/v2\/product"}],"about":[{"href":"https:\/\/stampcurio.com\/hu\/wp-json\/wp\/v2\/types\/product"}],"wp:featuredmedia":[{"embeddable":true,"href":"https:\/\/stampcurio.com\/hu\/wp-json\/wp\/v2\/media\/18084"}],"wp:attachment":[{"href":"https:\/\/stampcurio.com\/hu\/wp-json\/wp\/v2\/media?parent=15357"}],"wp:term":[{"taxonomy":"product_brand","embeddable":true,"href":"https:\/\/stampcurio.com\/hu\/wp-json\/wp\/v2\/product_brand?post=15357"},{"taxonomy":"product_cat","embeddable":true,"href":"https:\/\/stampcurio.com\/hu\/wp-json\/wp\/v2\/product_cat?post=15357"},{"taxonomy":"product_tag","embeddable":true,"href":"https:\/\/stampcurio.com\/hu\/wp-json\/wp\/v2\/product_tag?post=15357"}],"curies":[{"name":"wp","href":"https:\/\/api.w.org\/{rel}","templated":true}]}}