{"id":15356,"date":"2024-11-29T18:30:43","date_gmt":"2024-11-29T17:30:43","guid":{"rendered":"https:\/\/stampcurio.com\/product\/1930-erteklevel-budapestre-svajcon-keresztul-szarba-kuldve\/"},"modified":"2025-12-05T04:07:08","modified_gmt":"2025-12-05T03:07:08","slug":"1930-franciaorszag-svajcon-keresztul-magyarorszagra-szarba-sic-kuldott-erteklevel-szar-p-u-postaugynokseg-belyegzessel","status":"publish","type":"product","link":"https:\/\/stampcurio.com\/hu\/termek\/1930-franciaorszag-svajcon-keresztul-magyarorszagra-szarba-sic-kuldott-erteklevel-szar-p-u-postaugynokseg-belyegzessel\/","title":{"rendered":"1930 Franciaorsz\u00e1g &#8211; Sv\u00e1jcon kereszt\u00fcl Magyarorsz\u00e1gra, Szarba (sic!) k\u00fcld\u00f6tt \u00e9rt\u00e9klev\u00e9l &#8211; SZ\u00c1R P.U. posta\u00fcgyn\u00f6ks\u00e9g b\u00e9lyegz\u00e9ssel"},"content":{"rendered":"","protected":false},"excerpt":{"rendered":"","protected":false},"featured_media":18080,"template":"","meta":[],"product_brand":[],"product_cat":[1181,1172,1191],"product_tag":[1664,1041,89,1006],"class_list":{"0":"post-15356","1":"product","2":"type-product","3":"status-publish","4":"has-post-thumbnail","6":"product_cat-franciaorszag","7":"product_cat-magyarorszag","8":"product_cat-svajc","9":"product_tag-2nd-auction-hu","10":"product_tag-marcophily-hu","11":"product_tag-postatortenet","12":"product_tag-unsold","14":"first","15":"instock","16":"sold-individually","17":"shipping-taxable","18":"product-type-simple"},"_links":{"self":[{"href":"https:\/\/stampcurio.com\/hu\/wp-json\/wp\/v2\/product\/15356","targetHints":{"allow":["GET"]}}],"collection":[{"href":"https:\/\/stampcurio.com\/hu\/wp-json\/wp\/v2\/product"}],"about":[{"href":"https:\/\/stampcurio.com\/hu\/wp-json\/wp\/v2\/types\/product"}],"wp:featuredmedia":[{"embeddable":true,"href":"https:\/\/stampcurio.com\/hu\/wp-json\/wp\/v2\/media\/18080"}],"wp:attachment":[{"href":"https:\/\/stampcurio.com\/hu\/wp-json\/wp\/v2\/media?parent=15356"}],"wp:term":[{"taxonomy":"product_brand","embeddable":true,"href":"https:\/\/stampcurio.com\/hu\/wp-json\/wp\/v2\/product_brand?post=15356"},{"taxonomy":"product_cat","embeddable":true,"href":"https:\/\/stampcurio.com\/hu\/wp-json\/wp\/v2\/product_cat?post=15356"},{"taxonomy":"product_tag","embeddable":true,"href":"https:\/\/stampcurio.com\/hu\/wp-json\/wp\/v2\/product_tag?post=15356"}],"curies":[{"name":"wp","href":"https:\/\/api.w.org\/{rel}","templated":true}]}}