{"id":15355,"date":"2024-11-29T18:30:43","date_gmt":"2024-11-29T17:30:43","guid":{"rendered":"https:\/\/stampcurio.com\/product\/franciaorszagbol-magyarorszagra-kuldott-erteklevel-1902-szep-olaszorszagon-keresztul\/"},"modified":"2025-12-05T04:07:08","modified_gmt":"2025-12-05T03:07:08","slug":"1902-franciaorszag-olaszorszagon-keresztul-magyarorszagra-kuldott-szep-erteklevel","status":"publish","type":"product","link":"https:\/\/stampcurio.com\/hu\/termek\/1902-franciaorszag-olaszorszagon-keresztul-magyarorszagra-kuldott-szep-erteklevel\/","title":{"rendered":"1902 Franciaorsz\u00e1g &#8211; Olaszorsz\u00e1gon kereszt\u00fcl Magyarorsz\u00e1gra k\u00fcld\u00f6tt sz\u00e9p \u00e9rt\u00e9klev\u00e9l"},"content":{"rendered":"","protected":false},"excerpt":{"rendered":"","protected":false},"featured_media":18165,"template":"","meta":[],"product_brand":[],"product_cat":[1181,1172,1183],"product_tag":[1664,89],"class_list":{"0":"post-15355","1":"product","2":"type-product","3":"status-publish","4":"has-post-thumbnail","6":"product_cat-franciaorszag","7":"product_cat-magyarorszag","8":"product_cat-olaszorszag","9":"product_tag-2nd-auction-hu","10":"product_tag-postatortenet","12":"first","13":"instock","14":"sold-individually","15":"shipping-taxable","16":"product-type-simple"},"_links":{"self":[{"href":"https:\/\/stampcurio.com\/hu\/wp-json\/wp\/v2\/product\/15355","targetHints":{"allow":["GET"]}}],"collection":[{"href":"https:\/\/stampcurio.com\/hu\/wp-json\/wp\/v2\/product"}],"about":[{"href":"https:\/\/stampcurio.com\/hu\/wp-json\/wp\/v2\/types\/product"}],"wp:featuredmedia":[{"embeddable":true,"href":"https:\/\/stampcurio.com\/hu\/wp-json\/wp\/v2\/media\/18165"}],"wp:attachment":[{"href":"https:\/\/stampcurio.com\/hu\/wp-json\/wp\/v2\/media?parent=15355"}],"wp:term":[{"taxonomy":"product_brand","embeddable":true,"href":"https:\/\/stampcurio.com\/hu\/wp-json\/wp\/v2\/product_brand?post=15355"},{"taxonomy":"product_cat","embeddable":true,"href":"https:\/\/stampcurio.com\/hu\/wp-json\/wp\/v2\/product_cat?post=15355"},{"taxonomy":"product_tag","embeddable":true,"href":"https:\/\/stampcurio.com\/hu\/wp-json\/wp\/v2\/product_tag?post=15355"}],"curies":[{"name":"wp","href":"https:\/\/api.w.org\/{rel}","templated":true}]}}