{"id":15353,"date":"2024-11-29T18:30:42","date_gmt":"2024-11-29T17:30:42","guid":{"rendered":"https:\/\/stampcurio.com\/product\/new-york-times-fotok-1-honap-elteressel-marseillesbe-kuldve-1938-expressz-boritekok-portozva-paris-marseille\/"},"modified":"2025-12-05T04:07:10","modified_gmt":"2025-12-05T03:07:10","slug":"1938-franciaorszag-express-nyomtatvany-new-york-times-sajto-fotok-1-nap-elteressel-de-eltero-portozassal-ritka-posta-kuldemeny-fajta","status":"publish","type":"product","link":"https:\/\/stampcurio.com\/hu\/termek\/1938-franciaorszag-express-nyomtatvany-new-york-times-sajto-fotok-1-nap-elteressel-de-eltero-portozassal-ritka-posta-kuldemeny-fajta\/","title":{"rendered":"1938 Franciaorsz\u00e1g \u2013 express nyomtatv\u00e1ny &#8211; New York Times sajt\u00f3 fot\u00f3k 1 nap elt\u00e9r\u00e9ssel de elt\u00e9r\u0151 port\u00f3z\u00e1ssal &#8211; ritka posta k\u00fcldem\u00e9ny fajta"},"content":{"rendered":"","protected":false},"excerpt":{"rendered":"","protected":false},"featured_media":18148,"template":"","meta":[],"product_brand":[],"product_cat":[1181],"product_tag":[1664,108,89],"class_list":{"0":"post-15353","1":"product","2":"type-product","3":"status-publish","4":"has-post-thumbnail","6":"product_cat-franciaorszag","7":"product_tag-2nd-auction-hu","8":"product_tag-porto","9":"product_tag-postatortenet","11":"first","12":"instock","13":"sold-individually","14":"shipping-taxable","15":"product-type-simple"},"_links":{"self":[{"href":"https:\/\/stampcurio.com\/hu\/wp-json\/wp\/v2\/product\/15353","targetHints":{"allow":["GET"]}}],"collection":[{"href":"https:\/\/stampcurio.com\/hu\/wp-json\/wp\/v2\/product"}],"about":[{"href":"https:\/\/stampcurio.com\/hu\/wp-json\/wp\/v2\/types\/product"}],"wp:featuredmedia":[{"embeddable":true,"href":"https:\/\/stampcurio.com\/hu\/wp-json\/wp\/v2\/media\/18148"}],"wp:attachment":[{"href":"https:\/\/stampcurio.com\/hu\/wp-json\/wp\/v2\/media?parent=15353"}],"wp:term":[{"taxonomy":"product_brand","embeddable":true,"href":"https:\/\/stampcurio.com\/hu\/wp-json\/wp\/v2\/product_brand?post=15353"},{"taxonomy":"product_cat","embeddable":true,"href":"https:\/\/stampcurio.com\/hu\/wp-json\/wp\/v2\/product_cat?post=15353"},{"taxonomy":"product_tag","embeddable":true,"href":"https:\/\/stampcurio.com\/hu\/wp-json\/wp\/v2\/product_tag?post=15353"}],"curies":[{"name":"wp","href":"https:\/\/api.w.org\/{rel}","templated":true}]}}