{"id":15352,"date":"2024-11-29T18:30:42","date_gmt":"2024-11-29T17:30:42","guid":{"rendered":"https:\/\/stampcurio.com\/product\/1942-marokkobol-budapestre-kuldott-ajanlott-levelezesi-lap-legiposta-svajcon-keresztul-marokko-augusztus-20-svajc-aug-25-budapest-aug-29-pekir-cenzuraval-10-frankos-1-belyeges-bermentesitessel\/"},"modified":"2025-12-05T04:07:09","modified_gmt":"2025-12-05T03:07:09","slug":"1942-marokko-svajcon-keresztul-budapestre-kuldott-ajanlott-legiposta-levelezesi-lap-ritka-kuldemeny-fajta-pekir-cenzura-es-a-cenzor-alapos-munkat-vegzett","status":"publish","type":"product","link":"https:\/\/stampcurio.com\/hu\/termek\/1942-marokko-svajcon-keresztul-budapestre-kuldott-ajanlott-legiposta-levelezesi-lap-ritka-kuldemeny-fajta-pekir-cenzura-es-a-cenzor-alapos-munkat-vegzett\/","title":{"rendered":"1942 Marokk\u00f3 &#8211; Sv\u00e1jcon kereszt\u00fcl Budapestre k\u00fcld\u00f6tt aj\u00e1nlott l\u00e9giposta levelez\u00e9si lap &#8211; ritka k\u00fcldem\u00e9ny fajta + PEKIR cenz\u00fara \u00e9s a cenzor alapos munk\u00e1t v\u00e9gzett&#8230;."},"content":{"rendered":"","protected":false},"excerpt":{"rendered":"<p>A cenzor csup\u00e1n 2 mondatot hagyott meg: \u00c9des Any\u00e1m, [&#8230;]<br \/>\nMarokk\u00f3: augusztus 20.,<br \/>\nSv\u00e1jc: augusztus 25.,<br \/>\nBudapest: augusztus 29.<\/p>\n","protected":false},"featured_media":18110,"template":"","meta":[],"product_brand":[],"product_cat":[1172,1253,1191],"product_tag":[1664,233,115,89],"class_list":{"0":"post-15352","1":"product","2":"type-product","3":"status-publish","4":"has-post-thumbnail","6":"product_cat-magyarorszag","7":"product_cat-marokko","8":"product_cat-svajc","9":"product_tag-2nd-auction-hu","10":"product_tag-cenzura","11":"product_tag-legiposta","12":"product_tag-postatortenet","14":"first","15":"instock","16":"sold-individually","17":"shipping-taxable","18":"product-type-simple"},"_links":{"self":[{"href":"https:\/\/stampcurio.com\/hu\/wp-json\/wp\/v2\/product\/15352","targetHints":{"allow":["GET"]}}],"collection":[{"href":"https:\/\/stampcurio.com\/hu\/wp-json\/wp\/v2\/product"}],"about":[{"href":"https:\/\/stampcurio.com\/hu\/wp-json\/wp\/v2\/types\/product"}],"wp:featuredmedia":[{"embeddable":true,"href":"https:\/\/stampcurio.com\/hu\/wp-json\/wp\/v2\/media\/18110"}],"wp:attachment":[{"href":"https:\/\/stampcurio.com\/hu\/wp-json\/wp\/v2\/media?parent=15352"}],"wp:term":[{"taxonomy":"product_brand","embeddable":true,"href":"https:\/\/stampcurio.com\/hu\/wp-json\/wp\/v2\/product_brand?post=15352"},{"taxonomy":"product_cat","embeddable":true,"href":"https:\/\/stampcurio.com\/hu\/wp-json\/wp\/v2\/product_cat?post=15352"},{"taxonomy":"product_tag","embeddable":true,"href":"https:\/\/stampcurio.com\/hu\/wp-json\/wp\/v2\/product_tag?post=15352"}],"curies":[{"name":"wp","href":"https:\/\/api.w.org\/{rel}","templated":true}]}}