{"id":15351,"date":"2024-11-29T18:30:42","date_gmt":"2024-11-29T17:30:42","guid":{"rendered":"https:\/\/stampcurio.com\/product\/1879-1899-4-level-magyarorszagra-1-sulyu-25c-bermentesitessel-piros-alapnyomatu-25c-csak-elolap\/"},"modified":"2025-12-05T04:07:09","modified_gmt":"2025-12-05T03:07:09","slug":"1879-1899-franciaorszag-negy-level-25c-bermentesitessel-magyarorszagra-kuldve-kulonfele-frankaturakkal","status":"publish","type":"product","link":"https:\/\/stampcurio.com\/hu\/termek\/1879-1899-franciaorszag-negy-level-25c-bermentesitessel-magyarorszagra-kuldve-kulonfele-frankaturakkal\/","title":{"rendered":"1879 &#8211; 1899 Franciaorsz\u00e1g &#8211; n\u00e9gy lev\u00e9l 25c b\u00e9rmentes\u00edt\u00e9ssel Magyarorsz\u00e1gra k\u00fcldve k\u00fcl\u00f6nf\u00e9le frankat\u00far\u00e1kkal"},"content":{"rendered":"","protected":false},"excerpt":{"rendered":"<p>15c +2*5c lev\u00e9l nem komplett a piros alapnyomat\u00fa 25c csak el\u0151lap.<\/p>\n","protected":false},"featured_media":18067,"template":"","meta":[],"product_brand":[],"product_cat":[1181,1172],"product_tag":[1664,89],"class_list":{"0":"post-15351","1":"product","2":"type-product","3":"status-publish","4":"has-post-thumbnail","6":"product_cat-franciaorszag","7":"product_cat-magyarorszag","8":"product_tag-2nd-auction-hu","9":"product_tag-postatortenet","11":"first","12":"instock","13":"sold-individually","14":"shipping-taxable","15":"product-type-simple"},"_links":{"self":[{"href":"https:\/\/stampcurio.com\/hu\/wp-json\/wp\/v2\/product\/15351","targetHints":{"allow":["GET"]}}],"collection":[{"href":"https:\/\/stampcurio.com\/hu\/wp-json\/wp\/v2\/product"}],"about":[{"href":"https:\/\/stampcurio.com\/hu\/wp-json\/wp\/v2\/types\/product"}],"wp:featuredmedia":[{"embeddable":true,"href":"https:\/\/stampcurio.com\/hu\/wp-json\/wp\/v2\/media\/18067"}],"wp:attachment":[{"href":"https:\/\/stampcurio.com\/hu\/wp-json\/wp\/v2\/media?parent=15351"}],"wp:term":[{"taxonomy":"product_brand","embeddable":true,"href":"https:\/\/stampcurio.com\/hu\/wp-json\/wp\/v2\/product_brand?post=15351"},{"taxonomy":"product_cat","embeddable":true,"href":"https:\/\/stampcurio.com\/hu\/wp-json\/wp\/v2\/product_cat?post=15351"},{"taxonomy":"product_tag","embeddable":true,"href":"https:\/\/stampcurio.com\/hu\/wp-json\/wp\/v2\/product_tag?post=15351"}],"curies":[{"name":"wp","href":"https:\/\/api.w.org\/{rel}","templated":true}]}}