{"id":15350,"date":"2024-11-29T18:30:41","date_gmt":"2024-11-29T17:30:41","guid":{"rendered":"https:\/\/stampcurio.com\/product\/korai-legiposta-level-parizs-budapest-1924-tag-hotelposta-25-c-nyolcastomb-bermentesitessel\/"},"modified":"2025-12-05T04:07:11","modified_gmt":"2025-12-05T03:07:11","slug":"1924-franciaorszag-korai-legiposta-level-25-c-nyolcastomb-bermentesitessel-parizs-budapest","status":"publish","type":"product","link":"https:\/\/stampcurio.com\/hu\/termek\/1924-franciaorszag-korai-legiposta-level-25-c-nyolcastomb-bermentesitessel-parizs-budapest\/","title":{"rendered":"1924 Franciaorsz\u00e1g &#8211; korai l\u00e9giposta lev\u00e9l 25 c nyolcast\u00f6mb b\u00e9rmentes\u00edt\u00e9ssel P\u00e1rizs &#8211; Budapest"},"content":{"rendered":"","protected":false},"excerpt":{"rendered":"<p>Beleragasztott kartonlap (nem elt\u00e1vol\u00edthat\u00f3), a f\u00fcgg\u0151leges hajt\u00e1snyom k\u00e9t b\u00e9lyeget \u00e9rint<\/p>\n","protected":false},"featured_media":18142,"template":"","meta":[],"product_brand":[],"product_cat":[1181,1172],"product_tag":[1664,116,115,89],"class_list":{"0":"post-15350","1":"product","2":"type-product","3":"status-publish","4":"has-post-thumbnail","6":"product_cat-franciaorszag","7":"product_cat-magyarorszag","8":"product_tag-2nd-auction-hu","9":"product_tag-belyeg","10":"product_tag-legiposta","11":"product_tag-postatortenet","13":"first","14":"instock","15":"sold-individually","16":"shipping-taxable","17":"product-type-simple"},"_links":{"self":[{"href":"https:\/\/stampcurio.com\/hu\/wp-json\/wp\/v2\/product\/15350","targetHints":{"allow":["GET"]}}],"collection":[{"href":"https:\/\/stampcurio.com\/hu\/wp-json\/wp\/v2\/product"}],"about":[{"href":"https:\/\/stampcurio.com\/hu\/wp-json\/wp\/v2\/types\/product"}],"wp:featuredmedia":[{"embeddable":true,"href":"https:\/\/stampcurio.com\/hu\/wp-json\/wp\/v2\/media\/18142"}],"wp:attachment":[{"href":"https:\/\/stampcurio.com\/hu\/wp-json\/wp\/v2\/media?parent=15350"}],"wp:term":[{"taxonomy":"product_brand","embeddable":true,"href":"https:\/\/stampcurio.com\/hu\/wp-json\/wp\/v2\/product_brand?post=15350"},{"taxonomy":"product_cat","embeddable":true,"href":"https:\/\/stampcurio.com\/hu\/wp-json\/wp\/v2\/product_cat?post=15350"},{"taxonomy":"product_tag","embeddable":true,"href":"https:\/\/stampcurio.com\/hu\/wp-json\/wp\/v2\/product_tag?post=15350"}],"curies":[{"name":"wp","href":"https:\/\/api.w.org\/{rel}","templated":true}]}}