{"id":15348,"date":"2024-11-29T18:30:41","date_gmt":"2024-11-29T17:30:41","guid":{"rendered":"https:\/\/stampcurio.com\/product\/4-legiposta-level-budapestre-1931-1937-kozott-kulonfele-bermentesitesek-levelzaro\/"},"modified":"2025-12-05T04:07:10","modified_gmt":"2025-12-05T03:07:10","slug":"1931-1937-franciaorszag-negy-legiposta-level-budapestre-kulonfele-bermentesitesekkel-levelzarokkal","status":"publish","type":"product","link":"https:\/\/stampcurio.com\/hu\/termek\/1931-1937-franciaorszag-negy-legiposta-level-budapestre-kulonfele-bermentesitesekkel-levelzarokkal\/","title":{"rendered":"1931 &#8211; 1937 Franciaorsz\u00e1g &#8211; n\u00e9gy l\u00e9giposta lev\u00e9l Budapestre k\u00fcl\u00f6nf\u00e9le b\u00e9rmentes\u00edt\u00e9sekkel, lev\u00e9lz\u00e1r\u00f3kkal"},"content":{"rendered":"","protected":false},"excerpt":{"rendered":"","protected":false},"featured_media":17941,"template":"","meta":[],"product_brand":[],"product_cat":[1172],"product_tag":[1664,116,115,194,288,89],"class_list":{"0":"post-15348","1":"product","2":"type-product","3":"status-publish","4":"has-post-thumbnail","6":"product_cat-magyarorszag","7":"product_tag-2nd-auction-hu","8":"product_tag-belyeg","9":"product_tag-legiposta","10":"product_tag-levelzaro","11":"product_tag-parafilatelia","12":"product_tag-postatortenet","14":"first","15":"instock","16":"sold-individually","17":"shipping-taxable","18":"product-type-simple"},"_links":{"self":[{"href":"https:\/\/stampcurio.com\/hu\/wp-json\/wp\/v2\/product\/15348","targetHints":{"allow":["GET"]}}],"collection":[{"href":"https:\/\/stampcurio.com\/hu\/wp-json\/wp\/v2\/product"}],"about":[{"href":"https:\/\/stampcurio.com\/hu\/wp-json\/wp\/v2\/types\/product"}],"wp:featuredmedia":[{"embeddable":true,"href":"https:\/\/stampcurio.com\/hu\/wp-json\/wp\/v2\/media\/17941"}],"wp:attachment":[{"href":"https:\/\/stampcurio.com\/hu\/wp-json\/wp\/v2\/media?parent=15348"}],"wp:term":[{"taxonomy":"product_brand","embeddable":true,"href":"https:\/\/stampcurio.com\/hu\/wp-json\/wp\/v2\/product_brand?post=15348"},{"taxonomy":"product_cat","embeddable":true,"href":"https:\/\/stampcurio.com\/hu\/wp-json\/wp\/v2\/product_cat?post=15348"},{"taxonomy":"product_tag","embeddable":true,"href":"https:\/\/stampcurio.com\/hu\/wp-json\/wp\/v2\/product_tag?post=15348"}],"curies":[{"name":"wp","href":"https:\/\/api.w.org\/{rel}","templated":true}]}}